{"id":2434,"date":"2018-03-13T14:03:04","date_gmt":"2018-03-13T13:03:04","guid":{"rendered":"http:\/\/galant.estima.tech\/oferta\/"},"modified":"2021-08-06T14:40:35","modified_gmt":"2021-08-06T12:40:35","slug":"angebot","status":"publish","type":"page","link":"https:\/\/galant-obuwie.pl\/de\/angebot\/","title":{"rendered":"Angebot"},"content":{"rendered":"<h4 class=\"show-mobile center\">Dotknij, aby obr\u00f3ci\u0107<\/h4>\n<div class=\"galeria\">\n<div class=\"grupa\">\n<div class=\"focia f03 current\">\n            <img src=\"https:\/\/galant-obuwie.pl\/wp-content\/themes\/galant\/gfx_2\/03.jpg\" \/><br \/>\n            <img src=\"https:\/\/galant-obuwie.pl\/wp-content\/themes\/galant\/gfx_2\/03.jpg\" \/>\n        <\/div>\n<div class=\"thumbs\">\n            <img class=\"thumb current\" src=\"https:\/\/galant-obuwie.pl\/wp-content\/themes\/galant\/gfx_2\/03.jpg\" data-src=\"03\" \/>\n        <\/div><\/div>\n<div class=\"grupa\">\n<div class=\"focia f05 current\"><img src=\"https:\/\/galant-obuwie.pl\/wp-content\/themes\/galant\/gfx_2\/05.jpg\" \/><br \/>\n\t\t<img src=\"https:\/\/galant-obuwie.pl\/wp-content\/themes\/galant\/gfx_2\/05_.jpg\" \/><\/div>\n<div class=\"focia f06\"><img src=\"https:\/\/galant-obuwie.pl\/wp-content\/themes\/galant\/gfx_2\/06.jpg\" \/><br \/>\n\t\t<img src=\"https:\/\/galant-obuwie.pl\/wp-content\/themes\/galant\/gfx_2\/06_.jpg\" \/><\/div>\n<div class=\"thumbs\"><img class=\"thumb current\" src=\"https:\/\/galant-obuwie.pl\/wp-content\/themes\/galant\/gfx_2\/05.jpg\" data-src=\"05\" \/><br \/>\n\t\t<img class=\"thumb\" src=\"https:\/\/galant-obuwie.pl\/wp-content\/themes\/galant\/gfx_2\/06.jpg\" data-src=\"06\" \/>\n\t\t<\/div><\/div>\n<div class=\"grupa\">\n<div class=\"focia f08 current\">\n            <img src=\"https:\/\/galant-obuwie.pl\/wp-content\/themes\/galant\/gfx_2\/08.jpg\" \/><br \/>\n            <!-- <img src=\"https:\/\/galant-obuwie.pl\/wp-content\/themes\/galant\/gfx\/08_.jpg\" \/> -->\n        <\/div>\n<div class=\"focia f09\">\n            <img src=\"https:\/\/galant-obuwie.pl\/wp-content\/themes\/galant\/gfx\/09.jpg\" \/><br \/>\n            <img src=\"https:\/\/galant-obuwie.pl\/wp-content\/themes\/galant\/gfx\/09_.jpg\" \/>\n        <\/div>\n<div class=\"focia f16\">\n            <img src=\"https:\/\/galant-obuwie.pl\/wp-content\/themes\/galant\/gfx\/16.jpg\" \/><br \/>\n            <img src=\"https:\/\/galant-obuwie.pl\/wp-content\/themes\/galant\/gfx\/16_.jpg\" \/>\n        <\/div>\n<div class=\"thumbs\">\n            <img class=\"thumb current\" src=\"https:\/\/galant-obuwie.pl\/wp-content\/themes\/galant\/gfx_2\/08.jpg\" data-src=\"08\" \/><br \/>\n            <!-- <img class=\"thumb\" src=\"https:\/\/galant-obuwie.pl\/wp-content\/themes\/galant\/gfx\/09.jpg\" data-src=\"09\" \/> --><br \/>\n            <!-- <img class=\"thumb\" src=\"https:\/\/galant-obuwie.pl\/wp-content\/themes\/galant\/gfx\/16.jpg\" data-src=\"16\" \/> -->\n        <\/div><\/div>\n<\/div>\n<div class=\"galeria\">\n<div class=\"grupa\">\n<div class=\"focia f12 current\"><img src=\"https:\/\/galant-obuwie.pl\/wp-content\/themes\/galant\/gfx_2\/12.jpg\" \/><\/p><\/div>\n<div class=\"focia f13\"><img src=\"https:\/\/galant-obuwie.pl\/wp-content\/themes\/galant\/gfx_2\/13.jpg\" \/><\/p><\/div>\n<div class=\"thumbs\"><img class=\"thumb current\" src=\"https:\/\/galant-obuwie.pl\/wp-content\/themes\/galant\/gfx_2\/12.jpg\" data-src=\"12\" \/><br \/>\n            <img class=\"thumb\" src=\"https:\/\/galant-obuwie.pl\/wp-content\/themes\/galant\/gfx_2\/13.jpg\" data-src=\"13\" \/>\n        <\/div><\/div>\n<div class=\"grupa\">\n<div class=\"focia f02 current\">\n            <img src=\"https:\/\/galant-obuwie.pl\/wp-content\/themes\/galant\/gfx_2\/02.jpg\" \/><br \/>\n            <img src=\"https:\/\/galant-obuwie.pl\/wp-content\/themes\/galant\/gfx_2\/02.jpg\" \/>\n        <\/div>\n<div class=\"thumbs\">\n            <img class=\"thumb current\" src=\"https:\/\/galant-obuwie.pl\/wp-content\/themes\/galant\/gfx_2\/02.jpg\" data-src=\"02\" \/>\n        <\/div><\/div>\n<div class=\"grupa\">\n<div class=\"focia f01 current\"><img src=\"https:\/\/galant-obuwie.pl\/wp-content\/themes\/galant\/gfx_2\/01.jpg\" \/><br \/>\n\t\t<img src=\"https:\/\/galant-obuwie.pl\/wp-content\/themes\/galant\/gfx_2\/01.jpg\" \/><\/div>\n<div class=\"thumbs\"><img class=\"thumb current\" src=\"https:\/\/galant-obuwie.pl\/wp-content\/themes\/galant\/gfx_2\/01.jpg\" data-src=\"01\" \/>\n\t\t<\/div><\/div>\n<p>    <!-- \n\n<div class=\"grupa\"> --><br \/>\n    <!-- \n\n<div class=\"focia f15 current\"><img src=\"https:\/\/galant-obuwie.pl\/wp-content\/themes\/galant\/gfx\/15.jpg\" \/> --><br \/>\n    <!-- <img src=\"https:\/\/galant-obuwie.pl\/wp-content\/themes\/galant\/gfx\/15_.jpg\" \/><\/div>\n\n --><br \/>\n    <!-- \n\n<div class=\"thumbs\"><img class=\"thumb current\" src=\"https:\/\/galant-obuwie.pl\/wp-content\/themes\/galant\/gfx\/15.jpg\" data-src=\"15\" \/><\/div>\n\n --><br \/>\n    <!-- <\/div>\n\n -->\n<\/div>\n<div class=\"galeria\">\n<div class=\"grupa\">\n<div class=\"focia f09 current\"><img src=\"https:\/\/galant-obuwie.pl\/wp-content\/themes\/galant\/gfx_2\/09.jpg\" \/><\/p><\/div>\n<div class=\"focia f10\"><img src=\"https:\/\/galant-obuwie.pl\/wp-content\/themes\/galant\/gfx_2\/10.jpg\" \/><\/p><\/div>\n<div class=\"thumbs\">\n\t\t\t<img class=\"thumb current\" src=\"https:\/\/galant-obuwie.pl\/wp-content\/themes\/galant\/gfx_2\/09.jpg\" data-src=\"09\" \/><br \/>\n            <img class=\"thumb\" src=\"https:\/\/galant-obuwie.pl\/wp-content\/themes\/galant\/gfx_2\/10.jpg\" data-src=\"10\" \/>\n        <\/div><\/div>\n<div class=\"grupa\">\n<div class=\"focia f14 current\">\n            <img src=\"https:\/\/galant-obuwie.pl\/wp-content\/themes\/galant\/gfx_2\/14.jpg\" \/><br \/>\n            <img src=\"https:\/\/galant-obuwie.pl\/wp-content\/themes\/galant\/gfx_2\/14.jpg\" \/>\n        <\/div>\n<div class=\"focia f15\">\n            <img src=\"https:\/\/galant-obuwie.pl\/wp-content\/themes\/galant\/gfx_2\/15.jpg\" \/><br \/>\n            <img src=\"https:\/\/galant-obuwie.pl\/wp-content\/themes\/galant\/gfx_2\/15.jpg\" \/>\n        <\/div>\n<div class=\"focia f16\">\n            <img src=\"https:\/\/galant-obuwie.pl\/wp-content\/themes\/galant\/gfx_2\/16.jpg\" \/><br \/>\n            <img src=\"https:\/\/galant-obuwie.pl\/wp-content\/themes\/galant\/gfx_2\/16.jpg\" \/>\n        <\/div>\n<div class=\"thumbs\">\n            <img class=\"thumb current\" src=\"https:\/\/galant-obuwie.pl\/wp-content\/themes\/galant\/gfx_2\/14.jpg\" data-src=\"14\" \/><br \/>\n\t\t\t<img class=\"thumb\" src=\"https:\/\/galant-obuwie.pl\/wp-content\/themes\/galant\/gfx_2\/15.jpg\" data-src=\"15\" \/><br \/>\n\t\t\t<img class=\"thumb\" src=\"https:\/\/galant-obuwie.pl\/wp-content\/themes\/galant\/gfx_2\/16.jpg\" data-src=\"16\" \/>\n        <\/div><\/div>\n<div class=\"grupa\">\n<div class=\"focia f17 current\">\n            <img src=\"https:\/\/galant-obuwie.pl\/wp-content\/themes\/galant\/gfx_2\/17.jpg\" \/><br \/>\n            <img src=\"https:\/\/galant-obuwie.pl\/wp-content\/themes\/galant\/gfx_2\/17.jpg\" \/>\n        <\/div>\n<div class=\"focia f18\">\n            <img src=\"https:\/\/galant-obuwie.pl\/wp-content\/themes\/galant\/gfx_2\/18.jpg\" \/><br \/>\n            <img src=\"https:\/\/galant-obuwie.pl\/wp-content\/themes\/galant\/gfx_2\/18.jpg\" \/>\n        <\/div>\n<div class=\"focia f19\">\n            <img src=\"https:\/\/galant-obuwie.pl\/wp-content\/themes\/galant\/gfx_2\/19.jpg\" \/><br \/>\n            <img src=\"https:\/\/galant-obuwie.pl\/wp-content\/themes\/galant\/gfx_2\/19.jpg\" \/>\n        <\/div>\n<div class=\"thumbs\">\n            <img class=\"thumb current\" src=\"https:\/\/galant-obuwie.pl\/wp-content\/themes\/galant\/gfx_2\/17.jpg\" data-src=\"17\" \/><br \/>\n\t\t\t<img class=\"thumb\" src=\"https:\/\/galant-obuwie.pl\/wp-content\/themes\/galant\/gfx_2\/18.jpg\" data-src=\"18\" \/><br \/>\n\t\t\t<img class=\"thumb\" src=\"https:\/\/galant-obuwie.pl\/wp-content\/themes\/galant\/gfx_2\/19.jpg\" data-src=\"19\" \/>\n        <\/div><\/div>\n<\/div>\n<div class=\"galeria\">\n<div class=\"grupa\">\n<div class=\"focia f20 current\"><img src=\"https:\/\/galant-obuwie.pl\/wp-content\/themes\/galant\/gfx_2\/20.jpg\" \/><\/p><\/div>\n<div class=\"thumbs\">\n\t\t\t<img class=\"thumb current\" src=\"https:\/\/galant-obuwie.pl\/wp-content\/themes\/galant\/gfx_2\/20.jpg\" data-src=\"20\" \/><\/p><\/div><\/div>\n<div class=\"grupa\">\n<div class=\"focia f22 current\"><img src=\"https:\/\/galant-obuwie.pl\/wp-content\/themes\/galant\/gfx_2\/22.jpg\" \/><\/p><\/div>\n<div class=\"thumbs\">\n\t\t\t<img class=\"thumb current\" src=\"https:\/\/galant-obuwie.pl\/wp-content\/themes\/galant\/gfx_2\/22.jpg\" data-src=\"22\" \/><\/p><\/div><\/div>\n<div class=\"grupa\">\n<div class=\"focia f23 current\">\n            <img src=\"https:\/\/galant-obuwie.pl\/wp-content\/themes\/galant\/gfx_2\/23.jpg\" \/><br \/>\n            <img src=\"https:\/\/galant-obuwie.pl\/wp-content\/themes\/galant\/gfx_2\/23.jpg\" \/>\n        <\/div>\n<div class=\"focia f24\">\n            <img src=\"https:\/\/galant-obuwie.pl\/wp-content\/themes\/galant\/gfx_2\/24.jpg\" \/><br \/>\n            <img src=\"https:\/\/galant-obuwie.pl\/wp-content\/themes\/galant\/gfx_2\/24.jpg\" \/>\n        <\/div>\n<div class=\"thumbs\">\n            <img class=\"thumb current\" src=\"https:\/\/galant-obuwie.pl\/wp-content\/themes\/galant\/gfx_2\/23.jpg\" data-src=\"23\" \/><br \/>\n\t\t\t<img class=\"thumb\" src=\"https:\/\/galant-obuwie.pl\/wp-content\/themes\/galant\/gfx_2\/24.jpg\" data-src=\"24\" \/>\n        <\/div><\/div>\n<\/div>\n<div class=\"galeria\">\n<div class=\"grupa\">\n<div class=\"focia f26 current\"><img src=\"https:\/\/galant-obuwie.pl\/wp-content\/themes\/galant\/gfx_2\/26.jpg\" \/><\/p><\/div>\n<div class=\"thumbs\">\n\t\t\t<img class=\"thumb current\" src=\"https:\/\/galant-obuwie.pl\/wp-content\/themes\/galant\/gfx_2\/26.jpg\" data-src=\"26\" \/><\/p><\/div><\/div>\n<div class=\"grupa\">\n<div class=\"focia f27 current\"><img src=\"https:\/\/galant-obuwie.pl\/wp-content\/themes\/galant\/gfx_2\/27.jpg\" \/><\/p><\/div>\n<div class=\"thumbs\">\n\t\t\t<img class=\"thumb current\" src=\"https:\/\/galant-obuwie.pl\/wp-content\/themes\/galant\/gfx_2\/27.jpg\" data-src=\"27\" \/><\/p><\/div><\/div>\n<div class=\"grupa\">\n<div class=\"focia f28 current\"><img src=\"https:\/\/galant-obuwie.pl\/wp-content\/themes\/galant\/gfx_2\/28.jpg\" \/><\/p><\/div>\n<div class=\"thumbs\">\n\t\t\t<img class=\"thumb current\" src=\"https:\/\/galant-obuwie.pl\/wp-content\/themes\/galant\/gfx_2\/28.jpg\" data-src=\"28\" \/><\/p><\/div><\/div>\n<\/div>\n<div class=\"galeria\">\n<div class=\"grupa\">\n<div class=\"focia f29 current\"><img src=\"https:\/\/galant-obuwie.pl\/wp-content\/themes\/galant\/gfx_2\/29.jpg\" \/><\/p><\/div>\n<div class=\"thumbs\">\n\t\t\t<img class=\"thumb current\" src=\"https:\/\/galant-obuwie.pl\/wp-content\/themes\/galant\/gfx_2\/29.jpg\" data-src=\"29\" \/><\/p><\/div><\/div>\n<div class=\"grupa\">\n<div class=\"focia f30 current\"><img src=\"https:\/\/galant-obuwie.pl\/wp-content\/themes\/galant\/gfx_2\/30.jpg\" \/><\/p><\/div>\n<div class=\"thumbs\">\n\t\t\t<img class=\"thumb current\" src=\"https:\/\/galant-obuwie.pl\/wp-content\/themes\/galant\/gfx_2\/30.jpg\" data-src=\"30\" \/><\/p><\/div><\/div>\n<div class=\"grupa\">\n<div class=\"focia f31 current\"><img src=\"https:\/\/galant-obuwie.pl\/wp-content\/themes\/galant\/gfx_2\/31.jpg\" \/><\/p><\/div>\n<div class=\"thumbs\">\n\t\t\t<img class=\"thumb current\" src=\"https:\/\/galant-obuwie.pl\/wp-content\/themes\/galant\/gfx_2\/31.jpg\" data-src=\"31\" \/><\/p><\/div><\/div>\n<\/div>\n<div class=\"galeria\">\n<div class=\"grupa\">\n<div class=\"focia f32 current\">\n            <img src=\"https:\/\/galant-obuwie.pl\/wp-content\/themes\/galant\/gfx_2\/32.jpg\" \/><br \/>\n            <img src=\"https:\/\/galant-obuwie.pl\/wp-content\/themes\/galant\/gfx_2\/32.jpg\" \/>\n        <\/div>\n<div class=\"focia f33\">\n            <img src=\"https:\/\/galant-obuwie.pl\/wp-content\/themes\/galant\/gfx_2\/33.jpg\" \/><br \/>\n            <img src=\"https:\/\/galant-obuwie.pl\/wp-content\/themes\/galant\/gfx_2\/33.jpg\" \/>\n        <\/div>\n<div class=\"thumbs\">\n            <img class=\"thumb current\" src=\"https:\/\/galant-obuwie.pl\/wp-content\/themes\/galant\/gfx_2\/32.jpg\" data-src=\"32\" \/><br \/>\n\t\t\t<img class=\"thumb\" src=\"https:\/\/galant-obuwie.pl\/wp-content\/themes\/galant\/gfx_2\/33.jpg\" data-src=\"33\" \/>\n        <\/div><\/div>\n<div class=\"grupa\">\n<div class=\"focia f34 current\">\n            <img src=\"https:\/\/galant-obuwie.pl\/wp-content\/themes\/galant\/gfx_2\/34.jpg\" \/><br \/>\n            <img src=\"https:\/\/galant-obuwie.pl\/wp-content\/themes\/galant\/gfx_2\/34.jpg\" \/>\n        <\/div>\n<div class=\"focia f35\">\n            <img src=\"https:\/\/galant-obuwie.pl\/wp-content\/themes\/galant\/gfx_2\/35.jpg\" \/><br \/>\n            <img src=\"https:\/\/galant-obuwie.pl\/wp-content\/themes\/galant\/gfx_2\/35.jpg\" \/>\n        <\/div>\n<div class=\"thumbs\">\n            <img class=\"thumb current\" src=\"https:\/\/galant-obuwie.pl\/wp-content\/themes\/galant\/gfx_2\/34.jpg\" data-src=\"34\" \/><br \/>\n\t\t\t<img class=\"thumb\" src=\"https:\/\/galant-obuwie.pl\/wp-content\/themes\/galant\/gfx_2\/35.jpg\" data-src=\"35\" \/>\n        <\/div><\/div>\n<div class=\"grupa\">\n<div class=\"focia f36 current\">\n            <img src=\"https:\/\/galant-obuwie.pl\/wp-content\/themes\/galant\/gfx_2\/36.jpg\" \/><br \/>\n            <img src=\"https:\/\/galant-obuwie.pl\/wp-content\/themes\/galant\/gfx_2\/36.jpg\" \/>\n        <\/div>\n<div class=\"thumbs\">\n            <img class=\"thumb current\" src=\"https:\/\/galant-obuwie.pl\/wp-content\/themes\/galant\/gfx_2\/36.jpg\" data-src=\"36\" \/>\n        <\/div><\/div>\n<\/div>\n<div class=\"galeria\">\n<div class=\"grupa\">\n<div class=\"focia f37 current\">\n            <img src=\"https:\/\/galant-obuwie.pl\/wp-content\/themes\/galant\/gfx_2\/37.jpg\" \/><br \/>\n            <img src=\"https:\/\/galant-obuwie.pl\/wp-content\/themes\/galant\/gfx_2\/37.jpg\" \/>\n        <\/div>\n<div class=\"thumbs\">\n            <img class=\"thumb current\" src=\"https:\/\/galant-obuwie.pl\/wp-content\/themes\/galant\/gfx_2\/37.jpg\" data-src=\"37\" \/>\n        <\/div><\/div>\n<div class=\"grupa\">\n<div class=\"focia f38 current\">\n            <img src=\"https:\/\/galant-obuwie.pl\/wp-content\/themes\/galant\/gfx_2\/38.jpg\" \/><br \/>\n            <img src=\"https:\/\/galant-obuwie.pl\/wp-content\/themes\/galant\/gfx_2\/38.jpg\" \/>\n        <\/div>\n<div class=\"thumbs\">\n            <img class=\"thumb current\" src=\"https:\/\/galant-obuwie.pl\/wp-content\/themes\/galant\/gfx_2\/38.jpg\" data-src=\"38\" \/>\n        <\/div><\/div>\n<\/div>\n<div class=\"galeria\">\n<div class=\"grupa\">\n<div class=\"focia f39 current\">\n            <img src=\"https:\/\/galant-obuwie.pl\/wp-content\/themes\/galant\/gfx_2\/39.jpg\" \/><br \/>\n            <img src=\"https:\/\/galant-obuwie.pl\/wp-content\/themes\/galant\/gfx_2\/39.jpg\" \/>\n        <\/div>\n<div class=\"thumbs\">\n            <img class=\"thumb current\" src=\"https:\/\/galant-obuwie.pl\/wp-content\/themes\/galant\/gfx_2\/39.jpg\" data-src=\"39\" \/>\n        <\/div><\/div>\n<div class=\"grupa\">\n<div class=\"focia f40 current\">\n            <img src=\"https:\/\/galant-obuwie.pl\/wp-content\/themes\/galant\/gfx_2\/40.jpg\" \/><br \/>\n            <img src=\"https:\/\/galant-obuwie.pl\/wp-content\/themes\/galant\/gfx_2\/40.jpg\" \/>\n        <\/div>\n<div class=\"thumbs\">\n            <img class=\"thumb current\" src=\"https:\/\/galant-obuwie.pl\/wp-content\/themes\/galant\/gfx_2\/40.jpg\" data-src=\"40\" \/>\n        <\/div><\/div>\n<div class=\"grupa\">\n<div class=\"focia f41 current\">\n            <img src=\"https:\/\/galant-obuwie.pl\/wp-content\/themes\/galant\/gfx_2\/41.jpg\" \/><br \/>\n            <img src=\"https:\/\/galant-obuwie.pl\/wp-content\/themes\/galant\/gfx_2\/41.jpg\" \/>\n        <\/div>\n<div class=\"thumbs\">\n            <img class=\"thumb current\" src=\"https:\/\/galant-obuwie.pl\/wp-content\/themes\/galant\/gfx_2\/41.jpg\" data-src=\"41\" \/>\n        <\/div><\/div>\n<\/div>\n<div class=\"galeria\">\n<div class=\"grupa\">\n<div class=\"focia f42 current\">\n            <img src=\"https:\/\/galant-obuwie.pl\/wp-content\/themes\/galant\/gfx_2\/42.jpg\" \/><br \/>\n            <img src=\"https:\/\/galant-obuwie.pl\/wp-content\/themes\/galant\/gfx_2\/42.jpg\" \/>\n        <\/div>\n<div class=\"thumbs\">\n            <img class=\"thumb current\" src=\"https:\/\/galant-obuwie.pl\/wp-content\/themes\/galant\/gfx_2\/42.jpg\" data-src=\"42\" \/>\n        <\/div><\/div>\n<div class=\"grupa\">\n<div class=\"focia f43 current\">\n            <img src=\"https:\/\/galant-obuwie.pl\/wp-content\/themes\/galant\/gfx_2\/43.jpg\" \/><br \/>\n            <img src=\"https:\/\/galant-obuwie.pl\/wp-content\/themes\/galant\/gfx_2\/43.jpg\" \/>\n        <\/div>\n<div class=\"thumbs\">\n            <img class=\"thumb current\" src=\"https:\/\/galant-obuwie.pl\/wp-content\/themes\/galant\/gfx_2\/43.jpg\" data-src=\"43\" \/>\n        <\/div><\/div>\n<div class=\"grupa\">\n<div class=\"focia f44 current\">\n            <img src=\"https:\/\/galant-obuwie.pl\/wp-content\/themes\/galant\/gfx_2\/44.jpg\" \/><br \/>\n            <img src=\"https:\/\/galant-obuwie.pl\/wp-content\/themes\/galant\/gfx_2\/44.jpg\" \/>\n        <\/div>\n<div class=\"thumbs\">\n            <img class=\"thumb current\" src=\"https:\/\/galant-obuwie.pl\/wp-content\/themes\/galant\/gfx_2\/44.jpg\" data-src=\"44\" \/>\n        <\/div><\/div>\n<\/div>\n<div class=\"galeria\">\n<div class=\"grupa\">\n<div class=\"focia f45 current\">\n            <img src=\"https:\/\/galant-obuwie.pl\/wp-content\/themes\/galant\/gfx_2\/45.jpg\" \/><br \/>\n            <img src=\"https:\/\/galant-obuwie.pl\/wp-content\/themes\/galant\/gfx_2\/45.jpg\" \/>\n        <\/div>\n<div class=\"thumbs\">\n            <img class=\"thumb current\" src=\"https:\/\/galant-obuwie.pl\/wp-content\/themes\/galant\/gfx_2\/45.jpg\" data-src=\"45\" \/>\n        <\/div><\/div>\n<div class=\"grupa\">\n<div class=\"focia f46 current\">\n            <img src=\"https:\/\/galant-obuwie.pl\/wp-content\/themes\/galant\/gfx_2\/46.jpg\" \/><br \/>\n            <img src=\"https:\/\/galant-obuwie.pl\/wp-content\/themes\/galant\/gfx_2\/46.jpg\" \/>\n        <\/div>\n<div class=\"thumbs\">\n            <img class=\"thumb current\" src=\"https:\/\/galant-obuwie.pl\/wp-content\/themes\/galant\/gfx_2\/46.jpg\" data-src=\"46\" \/>\n        <\/div><\/div>\n<div class=\"grupa\">\n<div class=\"focia f47 current\">\n            <img src=\"https:\/\/galant-obuwie.pl\/wp-content\/themes\/galant\/gfx_2\/47.jpg\" \/><br \/>\n            <img src=\"https:\/\/galant-obuwie.pl\/wp-content\/themes\/galant\/gfx_2\/47.jpg\" \/>\n        <\/div>\n<div class=\"thumbs\">\n            <img class=\"thumb current\" src=\"https:\/\/galant-obuwie.pl\/wp-content\/themes\/galant\/gfx_2\/47.jpg\" data-src=\"47\" \/>\n        <\/div><\/div>\n<\/div>\n","protected":false},"excerpt":{"rendered":"<p>Dotknij, aby obr\u00f3ci\u0107<\/p>\n","protected":false},"author":7,"featured_media":0,"parent":0,"menu_order":0,"comment_status":"closed","ping_status":"closed","template":"","meta":[],"yoast_head":"<!-- This site is optimized with the Yoast SEO plugin v15.7 - https:\/\/yoast.com\/wordpress\/plugins\/seo\/ -->\n<title>Damenstiefeletten, Damenschuhe, Pumps, Sandalen - GALANT<\/title>\n<meta name=\"description\" content=\"Damenstiefeletten. Lernen Sie unser umfangreiches Schuhangebot direkt vom Hersteller - GALANT kennen.Bekannt auf dem polnischen und ausl\u00e4ndischen Markt f\u00fcr die hohe Qualit\u00e4t der verwendeten Stoffe, neuste Fassons und Muster gewinnt immer gr\u00f6\u00dferen Kundenkreis. In unserem Angebot finden Sie Damenstiefeletten, St\u00f6ckelschuhe, Sportschuhe, Sandalen.\" \/>\n<meta name=\"robots\" content=\"index, follow, max-snippet:-1, max-image-preview:large, max-video-preview:-1\" \/>\n<link rel=\"canonical\" href=\"https:\/\/galant-obuwie.pl\/de\/angebot\/\" \/>\n<meta property=\"og:locale\" content=\"de_DE\" \/>\n<meta property=\"og:type\" content=\"article\" \/>\n<meta property=\"og:title\" content=\"Damenstiefeletten, Damenschuhe, Pumps, Sandalen - GALANT\" \/>\n<meta property=\"og:description\" content=\"Damenstiefeletten. Lernen Sie unser umfangreiches Schuhangebot direkt vom Hersteller - GALANT kennen.Bekannt auf dem polnischen und ausl\u00e4ndischen Markt f\u00fcr die hohe Qualit\u00e4t der verwendeten Stoffe, neuste Fassons und Muster gewinnt immer gr\u00f6\u00dferen Kundenkreis. In unserem Angebot finden Sie Damenstiefeletten, St\u00f6ckelschuhe, Sportschuhe, Sandalen.\" \/>\n<meta property=\"og:url\" content=\"https:\/\/galant-obuwie.pl\/de\/angebot\/\" \/>\n<meta property=\"og:site_name\" content=\"Galant polski producent obuwia\" \/>\n<meta property=\"article:modified_time\" content=\"2021-08-06T12:40:35+00:00\" \/>\n<meta property=\"og:image\" content=\"https:\/\/galant-obuwie.pl\/wp-content\/themes\/galant\/gfx_2\/03.jpg\" \/>\n<meta name=\"twitter:card\" content=\"summary_large_image\" \/>\n<script type=\"application\/ld+json\" class=\"yoast-schema-graph\">{\"@context\":\"https:\/\/schema.org\",\"@graph\":[{\"@type\":\"WebSite\",\"@id\":\"https:\/\/galant-obuwie.pl\/#website\",\"url\":\"https:\/\/galant-obuwie.pl\/\",\"name\":\"Galant polski producent obuwia\",\"description\":\"\",\"potentialAction\":[{\"@type\":\"SearchAction\",\"target\":\"https:\/\/galant-obuwie.pl\/?s={search_term_string}\",\"query-input\":\"required name=search_term_string\"}],\"inLanguage\":\"de\"},{\"@type\":\"ImageObject\",\"@id\":\"https:\/\/galant-obuwie.pl\/de\/angebot\/#primaryimage\",\"inLanguage\":\"de\",\"url\":\"https:\/\/galant-obuwie.pl\/wp-content\/themes\/galant\/gfx_2\/03.jpg\"},{\"@type\":\"WebPage\",\"@id\":\"https:\/\/galant-obuwie.pl\/de\/angebot\/#webpage\",\"url\":\"https:\/\/galant-obuwie.pl\/de\/angebot\/\",\"name\":\"Damenstiefeletten, Damenschuhe, Pumps, Sandalen - GALANT\",\"isPartOf\":{\"@id\":\"https:\/\/galant-obuwie.pl\/#website\"},\"primaryImageOfPage\":{\"@id\":\"https:\/\/galant-obuwie.pl\/de\/angebot\/#primaryimage\"},\"datePublished\":\"2018-03-13T13:03:04+00:00\",\"dateModified\":\"2021-08-06T12:40:35+00:00\",\"description\":\"Damenstiefeletten. Lernen Sie unser umfangreiches Schuhangebot direkt vom Hersteller - GALANT kennen.Bekannt auf dem polnischen und ausl\\u00e4ndischen Markt f\\u00fcr die hohe Qualit\\u00e4t der verwendeten Stoffe, neuste Fassons und Muster gewinnt immer gr\\u00f6\\u00dferen Kundenkreis. In unserem Angebot finden Sie Damenstiefeletten, St\\u00f6ckelschuhe, Sportschuhe, Sandalen.\",\"inLanguage\":\"de\",\"potentialAction\":[{\"@type\":\"ReadAction\",\"target\":[\"https:\/\/galant-obuwie.pl\/de\/angebot\/\"]}]}]}<\/script>\n<!-- \/ Yoast SEO plugin. -->","_links":{"self":[{"href":"https:\/\/galant-obuwie.pl\/de\/wp-json\/wp\/v2\/pages\/2434"}],"collection":[{"href":"https:\/\/galant-obuwie.pl\/de\/wp-json\/wp\/v2\/pages"}],"about":[{"href":"https:\/\/galant-obuwie.pl\/de\/wp-json\/wp\/v2\/types\/page"}],"author":[{"embeddable":true,"href":"https:\/\/galant-obuwie.pl\/de\/wp-json\/wp\/v2\/users\/7"}],"replies":[{"embeddable":true,"href":"https:\/\/galant-obuwie.pl\/de\/wp-json\/wp\/v2\/comments?post=2434"}],"version-history":[{"count":1,"href":"https:\/\/galant-obuwie.pl\/de\/wp-json\/wp\/v2\/pages\/2434\/revisions"}],"predecessor-version":[{"id":2435,"href":"https:\/\/galant-obuwie.pl\/de\/wp-json\/wp\/v2\/pages\/2434\/revisions\/2435"}],"wp:attachment":[{"href":"https:\/\/galant-obuwie.pl\/de\/wp-json\/wp\/v2\/media?parent=2434"}],"curies":[{"name":"wp","href":"https:\/\/api.w.org\/{rel}","templated":true}]}}