{"id":2442,"date":"2021-07-14T13:13:34","date_gmt":"2021-07-14T11:13:34","guid":{"rendered":"http:\/\/galant.estima.tech\/?page_id=2442"},"modified":"2021-07-22T14:20:30","modified_gmt":"2021-07-22T12:20:30","slug":"relax-system","status":"publish","type":"page","link":"https:\/\/galant-obuwie.pl\/de\/relax-system\/","title":{"rendered":"Relax-System"},"content":{"rendered":"[vc_row el_class=&#8221;max1400&#8243;][vc_column][vc_column_text css_animation=&#8221;fadeInUp&#8221;]\n<p style=\"text-align: justify;\"><span style=\"font-weight: 400;\">Die globalen Trends zeigen, dass der Schuh nicht nur sch\u00f6n aussehen soll aber auch vor allem bequem sein sollte. Unsere Firma, die diesen Trends folgt, hat ein einzigartiges Relax-System geschaffen. Unsere jahrelange Erfahrung mit der Verbindung mit einer famili\u00e4ren Tradition und der Technik des XXI Jahrhunderts erm\u00f6glicht uns Schuhe von h\u00f6chster Qualit\u00e4t herzustellen. Das Relax-System wurde mit dem Gedanken an die Frauen geschaffen, f\u00fcr die nicht nur das Aussehen der Schuhe aber auch ihre Bequemlichkeit von gr\u00f6\u00dfter Bedeutung ist. Elastische Schuhe und die Sorge um die kleinsten Details bei der Fertigstellung f\u00fchren dazu, dass die Nutzung unserer Schuhe angenehm und vor allem gesund f\u00fcr die F\u00fc\u00dfe und den ganzen K\u00f6rper ist. Das 100% nat\u00fcrliche Leder, elastische Schuhsohle, super weiche Einlage, die zu deinem Fu\u00df geformt werden, elastische Ferse (in einzelnen Modellen) und Schuhweite G. Es gibt noch mehrere Einzelheiten, die wir nicht verraten k\u00f6nnen aber all das gibt uns die Garantie, dass wir unsere Arbeit, die von unseren Kundinnen sehr gesch\u00e4tzt wird, gut geleistet haben. Seit 2020 haben wir unser Angebot auch auf Modelle f\u00fcr M\u00e4nnern erweitert.<\/span><\/p>\n[\/vc_column_text][vc_column_text css_animation=&#8221;fadeInUp&#8221; el_class=&#8221;video_box&#8221;]<video poster=\"\/wp-content\/uploads\/2021\/07\/poster_relax.jpg\" controls=\"controls\" width=\"600\" height=\"400\"><source src=\"\/wp-content\/uploads\/2021\/07\/relax-final.mp4\" type=\"video\/mp4\" \/>Twoja przegl\u0105darka nie wspiera tego typu video.<\/video>[\/vc_column_text][vc_empty_space][\/vc_column][\/vc_row][vc_row wrap_container=&#8221;true&#8221; css=&#8221;.vc_custom_1519387496004{padding-right: 5% !important;padding-left: 5% !important;}&#8221; el_class=&#8221;max1400&#8243;][vc_column width=&#8221;1\/4&#8243;][vc_single_image image=&#8221;1935&#8243; img_size=&#8221;380&#215;290&#8243; alignment=&#8221;center&#8221; style=&#8221;vc_box_circle_2&#8243; css_animation=&#8221;fadeInUp&#8221; title=&#8221;Relax-System&#8221;][\/vc_column][vc_column width=&#8221;1\/4&#8243;][vc_single_image image=&#8221;1933&#8243; img_size=&#8221;400&#215;300&#8243; alignment=&#8221;center&#8221; style=&#8221;vc_box_circle_2&#8243; css_animation=&#8221;fadeInUp&#8221; title=&#8221;Full Flex&#8221;][\/vc_column][vc_column width=&#8221;1\/4&#8243;][vc_single_image image=&#8221;1933&#8243; img_size=&#8221;400&#215;300&#8243; alignment=&#8221;center&#8221; style=&#8221;vc_box_circle_2&#8243; css_animation=&#8221;fadeInUp&#8221; title=&#8221;Elastizit\u00e4t&#8221;][\/vc_column][vc_column width=&#8221;1\/4&#8243;][vc_single_image image=&#8221;2015&#8243; img_size=&#8221;400&#215;300&#8243; alignment=&#8221;center&#8221; style=&#8221;vc_box_circle_2&#8243; css_animation=&#8221;fadeInUp&#8221; title=&#8221;XL Schuhschaft&#8221;][\/vc_column][\/vc_row][vc_row wrap_container=&#8221;true&#8221; css=&#8221;.vc_custom_1519387500795{padding-right: 5% !important;padding-left: 5% !important;}&#8221; el_class=&#8221;max1400&#8243;][vc_column width=&#8221;1\/4&#8243;][\/vc_column][vc_column width=&#8221;1\/4&#8243;][vc_single_image image=&#8221;1934&#8243; img_size=&#8221;400&#215;300&#8243; alignment=&#8221;center&#8221; style=&#8221;vc_box_circle_2&#8243; css_animation=&#8221;fadeInUp&#8221; title=&#8221;Komfort&#8221;][\/vc_column][vc_column width=&#8221;1\/4&#8243;][vc_single_image image=&#8221;2294&#8243; img_size=&#8221;400&#215;300&#8243; alignment=&#8221;center&#8221; style=&#8221;vc_box_circle_2&#8243; css_animation=&#8221;fadeInUp&#8221; title=&#8221;Sichtbare Marke&#8221; el_class=&#8221;h2-last&#8221;][\/vc_column][vc_column width=&#8221;1\/4&#8243;][\/vc_column][\/vc_row][vc_row][vc_column][vc_empty_space height=&#8221;150px&#8221;][\/vc_column][\/vc_row]\n","protected":false},"excerpt":{"rendered":"<p>[vc_row el_class=&#8221;max1400&#8243;][vc_column][vc_column_text css_animation=&#8221;fadeInUp&#8221;] Die globalen Trends zeigen, dass der Schuh nicht nur sch\u00f6n aussehen soll aber auch vor allem bequem sein sollte. Unsere Firma, die diesen Trends folgt, hat ein einzigartiges Relax-System geschaffen. Unsere jahrelange Erfahrung mit der Verbindung mit einer famili\u00e4ren Tradition und der Technik des XXI Jahrhunderts erm\u00f6glicht uns Schuhe von h\u00f6chster Qualit\u00e4t [&hellip;]<\/p>\n","protected":false},"author":7,"featured_media":0,"parent":0,"menu_order":0,"comment_status":"closed","ping_status":"closed","template":"","meta":[],"yoast_head":"<!-- This site is optimized with the Yoast SEO plugin v15.7 - https:\/\/yoast.com\/wordpress\/plugins\/seo\/ -->\n<title>System RELAX, Pumps, Stiefeletten, Damensandalen - GALANT<\/title>\n<meta name=\"description\" content=\"System RELAX. Lernen Sie unser umfangreiches Schuhangebot direkt vom Hersteller - GALANT kennen.Bekannt auf dem polnischen und ausl\u00e4ndischen Markt f\u00fcr die hohe Qualit\u00e4t der verwendeten Stoffe, neuste Fassons und Muster gewinnt immer gr\u00f6\u00dferen Kundenkreis. In unserem Angebot finden Sie Damenstiefeletten, St\u00f6ckelschuhe, Sportschuhe, Sandalen.\" \/>\n<meta name=\"robots\" content=\"index, follow, max-snippet:-1, max-image-preview:large, max-video-preview:-1\" \/>\n<link rel=\"canonical\" href=\"https:\/\/galant-obuwie.pl\/de\/relax-system\/\" \/>\n<meta property=\"og:locale\" content=\"de_DE\" \/>\n<meta property=\"og:type\" content=\"article\" \/>\n<meta property=\"og:title\" content=\"System RELAX, Pumps, Stiefeletten, Damensandalen - GALANT\" \/>\n<meta property=\"og:description\" content=\"System RELAX. Lernen Sie unser umfangreiches Schuhangebot direkt vom Hersteller - GALANT kennen.Bekannt auf dem polnischen und ausl\u00e4ndischen Markt f\u00fcr die hohe Qualit\u00e4t der verwendeten Stoffe, neuste Fassons und Muster gewinnt immer gr\u00f6\u00dferen Kundenkreis. In unserem Angebot finden Sie Damenstiefeletten, St\u00f6ckelschuhe, Sportschuhe, Sandalen.\" \/>\n<meta property=\"og:url\" content=\"https:\/\/galant-obuwie.pl\/de\/relax-system\/\" \/>\n<meta property=\"og:site_name\" content=\"Galant polski producent obuwia\" \/>\n<meta property=\"article:modified_time\" content=\"2021-07-22T12:20:30+00:00\" \/>\n<meta name=\"twitter:card\" content=\"summary_large_image\" \/>\n<meta name=\"twitter:label1\" content=\"Gesch\u00e4tzte Lesezeit\">\n\t<meta name=\"twitter:data1\" content=\"2\u00a0Minuten\">\n<script type=\"application\/ld+json\" class=\"yoast-schema-graph\">{\"@context\":\"https:\/\/schema.org\",\"@graph\":[{\"@type\":\"WebSite\",\"@id\":\"https:\/\/galant-obuwie.pl\/#website\",\"url\":\"https:\/\/galant-obuwie.pl\/\",\"name\":\"Galant polski producent obuwia\",\"description\":\"\",\"potentialAction\":[{\"@type\":\"SearchAction\",\"target\":\"https:\/\/galant-obuwie.pl\/?s={search_term_string}\",\"query-input\":\"required name=search_term_string\"}],\"inLanguage\":\"de\"},{\"@type\":\"WebPage\",\"@id\":\"https:\/\/galant-obuwie.pl\/de\/relax-system\/#webpage\",\"url\":\"https:\/\/galant-obuwie.pl\/de\/relax-system\/\",\"name\":\"System RELAX, Pumps, Stiefeletten, Damensandalen - GALANT\",\"isPartOf\":{\"@id\":\"https:\/\/galant-obuwie.pl\/#website\"},\"datePublished\":\"2021-07-14T11:13:34+00:00\",\"dateModified\":\"2021-07-22T12:20:30+00:00\",\"description\":\"System RELAX. Lernen Sie unser umfangreiches Schuhangebot direkt vom Hersteller - GALANT kennen.Bekannt auf dem polnischen und ausl\\u00e4ndischen Markt f\\u00fcr die hohe Qualit\\u00e4t der verwendeten Stoffe, neuste Fassons und Muster gewinnt immer gr\\u00f6\\u00dferen Kundenkreis. In unserem Angebot finden Sie Damenstiefeletten, St\\u00f6ckelschuhe, Sportschuhe, Sandalen.\",\"inLanguage\":\"de\",\"potentialAction\":[{\"@type\":\"ReadAction\",\"target\":[\"https:\/\/galant-obuwie.pl\/de\/relax-system\/\"]}]}]}<\/script>\n<!-- \/ Yoast SEO plugin. -->","_links":{"self":[{"href":"https:\/\/galant-obuwie.pl\/de\/wp-json\/wp\/v2\/pages\/2442"}],"collection":[{"href":"https:\/\/galant-obuwie.pl\/de\/wp-json\/wp\/v2\/pages"}],"about":[{"href":"https:\/\/galant-obuwie.pl\/de\/wp-json\/wp\/v2\/types\/page"}],"author":[{"embeddable":true,"href":"https:\/\/galant-obuwie.pl\/de\/wp-json\/wp\/v2\/users\/7"}],"replies":[{"embeddable":true,"href":"https:\/\/galant-obuwie.pl\/de\/wp-json\/wp\/v2\/comments?post=2442"}],"version-history":[{"count":4,"href":"https:\/\/galant-obuwie.pl\/de\/wp-json\/wp\/v2\/pages\/2442\/revisions"}],"predecessor-version":[{"id":2481,"href":"https:\/\/galant-obuwie.pl\/de\/wp-json\/wp\/v2\/pages\/2442\/revisions\/2481"}],"wp:attachment":[{"href":"https:\/\/galant-obuwie.pl\/de\/wp-json\/wp\/v2\/media?parent=2442"}],"curies":[{"name":"wp","href":"https:\/\/api.w.org\/{rel}","templated":true}]}}