{"id":2448,"date":"2021-07-14T13:15:59","date_gmt":"2021-07-14T11:15:59","guid":{"rendered":"http:\/\/galant.estima.tech\/?page_id=2448"},"modified":"2022-02-10T12:59:57","modified_gmt":"2022-02-10T11:59:57","slug":"zusammenarbeit","status":"publish","type":"page","link":"https:\/\/galant-obuwie.pl\/de\/zusammenarbeit\/","title":{"rendered":"Zusammenarbeit"},"content":{"rendered":"[vc_row][vc_column el_class=&#8221;max1400&#8243;][vc_column_text]<span style=\"font-weight: 400;\">Seit fast 30 Jahren entwickeln wir dynamisch unseren Verkauf auf europ\u00e4ischen M\u00e4rkten vor allem aber auf dem polnischen Markt. Unsere Produkte werden mit einer gro\u00dfen Sorgfalt produziert mit der Anwendung der modernsten Technologien. Wir laden Sie sehr herzlich dazu ein, mit uns die Zusammenarbeit auf partnerschaftlicher Ebene aufzunehmen. <\/span>[\/vc_column_text][vc_empty_space][\/vc_column][\/vc_row][vc_row][vc_column width=&#8221;1\/2&#8243;][vc_single_image image=&#8221;2088&#8243; img_size=&#8221;large&#8221; alignment=&#8221;center&#8221;][\/vc_column][vc_column width=&#8221;1\/2&#8243;]<div role=\"form\" class=\"wpcf7\" id=\"wpcf7-f1870-o1\" lang=\"pl-PL\" dir=\"ltr\">\n<div class=\"screen-reader-response\"><p role=\"status\" aria-live=\"polite\" aria-atomic=\"true\"><\/p> <ul><\/ul><\/div>\n<form action=\"\/de\/wp-json\/wp\/v2\/pages\/2448#wpcf7-f1870-o1\" method=\"post\" class=\"wpcf7-form init\" novalidate=\"novalidate\" data-status=\"init\">\n<div style=\"display: none;\">\n<input type=\"hidden\" name=\"_wpcf7\" value=\"1870\" \/>\n<input type=\"hidden\" name=\"_wpcf7_version\" value=\"5.3.2\" \/>\n<input type=\"hidden\" name=\"_wpcf7_locale\" value=\"pl_PL\" \/>\n<input type=\"hidden\" name=\"_wpcf7_unit_tag\" value=\"wpcf7-f1870-o1\" \/>\n<input type=\"hidden\" name=\"_wpcf7_container_post\" value=\"0\" \/>\n<input type=\"hidden\" name=\"_wpcf7_posted_data_hash\" value=\"\" \/>\n<\/div>\n<p><label> Dein Name*<br \/>\n    <span class=\"wpcf7-form-control-wrap your-name\"><input type=\"text\" name=\"your-name\" value=\"\" size=\"40\" class=\"wpcf7-form-control wpcf7-text wpcf7-validates-as-required\" aria-required=\"true\" aria-invalid=\"false\" \/><\/span> <\/label><\/p>\n<p><label> Deine E-Mail*<br \/>\n    <span class=\"wpcf7-form-control-wrap your-email\"><input type=\"email\" name=\"your-email\" value=\"\" size=\"40\" class=\"wpcf7-form-control wpcf7-text wpcf7-email wpcf7-validates-as-required wpcf7-validates-as-email\" aria-required=\"true\" aria-invalid=\"false\" \/><\/span> <\/label><\/p>\n<p><label> Telefon<br \/>\n    <span class=\"wpcf7-form-control-wrap tel-891\"><input type=\"tel\" name=\"tel-891\" value=\"\" size=\"40\" class=\"wpcf7-form-control wpcf7-text wpcf7-tel wpcf7-validates-as-required wpcf7-validates-as-tel\" aria-required=\"true\" aria-invalid=\"false\" \/><\/span> <\/label><\/p>\n<p><label> Nachricht<br \/>\n    <span class=\"wpcf7-form-control-wrap your-message\"><textarea name=\"your-message\" cols=\"40\" rows=\"10\" class=\"wpcf7-form-control wpcf7-textarea\" aria-invalid=\"false\"><\/textarea><\/span> <\/label><\/p>\n<p><input type=\"submit\" value=\"SENDEN\" class=\"wpcf7-form-control wpcf7-submit bigcart-bob contact-form-control-submit\" \/><\/p>\n<div class=\"wpcf7-response-output\" aria-hidden=\"true\"><\/div><\/form><\/div>[\/vc_column][\/vc_row][vc_row][vc_column][vc_empty_space][\/vc_column][\/vc_row]\n","protected":false},"excerpt":{"rendered":"<p>[vc_row][vc_column el_class=&#8221;max1400&#8243;][vc_column_text]Seit fast 30 Jahren entwickeln wir dynamisch unseren Verkauf auf europ\u00e4ischen M\u00e4rkten vor allem aber auf dem polnischen Markt. Unsere Produkte werden mit einer gro\u00dfen Sorgfalt produziert mit der Anwendung der modernsten Technologien. Wir laden Sie sehr herzlich dazu ein, mit uns die Zusammenarbeit auf partnerschaftlicher Ebene aufzunehmen. [\/vc_column_text][vc_empty_space][\/vc_column][\/vc_row][vc_row][vc_column width=&#8221;1\/2&#8243;][vc_single_image image=&#8221;2088&#8243; img_size=&#8221;large&#8221; alignment=&#8221;center&#8221;][\/vc_column][vc_column width=&#8221;1\/2&#8243;][\/vc_column][\/vc_row][vc_row][vc_column][vc_empty_space][\/vc_column][\/vc_row]<\/p>\n","protected":false},"author":7,"featured_media":0,"parent":0,"menu_order":0,"comment_status":"closed","ping_status":"closed","template":"","meta":[],"yoast_head":"<!-- This site is optimized with the Yoast SEO plugin v15.7 - https:\/\/yoast.com\/wordpress\/plugins\/seo\/ -->\n<title>Damenschuhe - ZUSAMMENARBEIT AUFNEHMEN - GALANT<\/title>\n<meta name=\"description\" content=\"Damenschuhe. Lernen Sie unser umfangreiches Schuhangebot direkt vom Hersteller - GALANT kennen.Bekannt auf dem polnischen und ausl\u00e4ndischen Markt f\u00fcr die hohe Qualit\u00e4t der verwendeten Stoffe, neuste Fassons und Muster gewinnt immer gr\u00f6\u00dferen Kundenkreis. In unserem Angebot finden Sie Damenstiefeletten, St\u00f6ckelschuhe, Sportschuhe, Sandalen.\" \/>\n<meta name=\"robots\" content=\"index, follow, max-snippet:-1, max-image-preview:large, max-video-preview:-1\" \/>\n<link rel=\"canonical\" href=\"https:\/\/galant-obuwie.pl\/de\/zusammenarbeit\/\" \/>\n<meta property=\"og:locale\" content=\"de_DE\" \/>\n<meta property=\"og:type\" content=\"article\" \/>\n<meta property=\"og:title\" content=\"Damenschuhe - ZUSAMMENARBEIT AUFNEHMEN - GALANT\" \/>\n<meta property=\"og:description\" content=\"Damenschuhe. Lernen Sie unser umfangreiches Schuhangebot direkt vom Hersteller - GALANT kennen.Bekannt auf dem polnischen und ausl\u00e4ndischen Markt f\u00fcr die hohe Qualit\u00e4t der verwendeten Stoffe, neuste Fassons und Muster gewinnt immer gr\u00f6\u00dferen Kundenkreis. In unserem Angebot finden Sie Damenstiefeletten, St\u00f6ckelschuhe, Sportschuhe, Sandalen.\" \/>\n<meta property=\"og:url\" content=\"https:\/\/galant-obuwie.pl\/de\/zusammenarbeit\/\" \/>\n<meta property=\"og:site_name\" content=\"Galant polski producent obuwia\" \/>\n<meta property=\"article:modified_time\" content=\"2022-02-10T11:59:57+00:00\" \/>\n<meta name=\"twitter:card\" content=\"summary_large_image\" \/>\n<meta name=\"twitter:label1\" content=\"Gesch\u00e4tzte Lesezeit\">\n\t<meta name=\"twitter:data1\" content=\"1\u00a0Minute\">\n<script type=\"application\/ld+json\" class=\"yoast-schema-graph\">{\"@context\":\"https:\/\/schema.org\",\"@graph\":[{\"@type\":\"WebSite\",\"@id\":\"https:\/\/galant-obuwie.pl\/#website\",\"url\":\"https:\/\/galant-obuwie.pl\/\",\"name\":\"Galant polski producent obuwia\",\"description\":\"\",\"potentialAction\":[{\"@type\":\"SearchAction\",\"target\":\"https:\/\/galant-obuwie.pl\/?s={search_term_string}\",\"query-input\":\"required name=search_term_string\"}],\"inLanguage\":\"de\"},{\"@type\":\"WebPage\",\"@id\":\"https:\/\/galant-obuwie.pl\/de\/zusammenarbeit\/#webpage\",\"url\":\"https:\/\/galant-obuwie.pl\/de\/zusammenarbeit\/\",\"name\":\"Damenschuhe - ZUSAMMENARBEIT AUFNEHMEN - GALANT\",\"isPartOf\":{\"@id\":\"https:\/\/galant-obuwie.pl\/#website\"},\"datePublished\":\"2021-07-14T11:15:59+00:00\",\"dateModified\":\"2022-02-10T11:59:57+00:00\",\"description\":\"Damenschuhe. Lernen Sie unser umfangreiches Schuhangebot direkt vom Hersteller - GALANT kennen.Bekannt auf dem polnischen und ausl\\u00e4ndischen Markt f\\u00fcr die hohe Qualit\\u00e4t der verwendeten Stoffe, neuste Fassons und Muster gewinnt immer gr\\u00f6\\u00dferen Kundenkreis. In unserem Angebot finden Sie Damenstiefeletten, St\\u00f6ckelschuhe, Sportschuhe, Sandalen.\",\"inLanguage\":\"de\",\"potentialAction\":[{\"@type\":\"ReadAction\",\"target\":[\"https:\/\/galant-obuwie.pl\/de\/zusammenarbeit\/\"]}]}]}<\/script>\n<!-- \/ Yoast SEO plugin. -->","_links":{"self":[{"href":"https:\/\/galant-obuwie.pl\/de\/wp-json\/wp\/v2\/pages\/2448"}],"collection":[{"href":"https:\/\/galant-obuwie.pl\/de\/wp-json\/wp\/v2\/pages"}],"about":[{"href":"https:\/\/galant-obuwie.pl\/de\/wp-json\/wp\/v2\/types\/page"}],"author":[{"embeddable":true,"href":"https:\/\/galant-obuwie.pl\/de\/wp-json\/wp\/v2\/users\/7"}],"replies":[{"embeddable":true,"href":"https:\/\/galant-obuwie.pl\/de\/wp-json\/wp\/v2\/comments?post=2448"}],"version-history":[{"count":8,"href":"https:\/\/galant-obuwie.pl\/de\/wp-json\/wp\/v2\/pages\/2448\/revisions"}],"predecessor-version":[{"id":2692,"href":"https:\/\/galant-obuwie.pl\/de\/wp-json\/wp\/v2\/pages\/2448\/revisions\/2692"}],"wp:attachment":[{"href":"https:\/\/galant-obuwie.pl\/de\/wp-json\/wp\/v2\/media?parent=2448"}],"curies":[{"name":"wp","href":"https:\/\/api.w.org\/{rel}","templated":true}]}}