{"id":2569,"date":"2021-07-15T14:24:40","date_gmt":"2021-07-15T12:24:40","guid":{"rendered":"http:\/\/galant.estima.tech\/?page_id=2569"},"modified":"2021-07-22T14:15:58","modified_gmt":"2021-07-22T12:15:58","slug":"chi-siamo","status":"publish","type":"page","link":"https:\/\/galant-obuwie.pl\/it\/chi-siamo\/","title":{"rendered":"Chi siamo"},"content":{"rendered":"[vc_row el_id=&#8221;slider-o-firmie&#8221;][vc_column][vc_column_text]\n\t\t\t<!-- START ofirmie REVOLUTION SLIDER 6.2.23 --><p class=\"rs-p-wp-fix\"><\/p>\n\t\t\t<rs-module-wrap id=\"rev_slider_3_1_wrapper\" data-source=\"gallery\" style=\"background:transparent;padding:0;margin:0px auto;margin-top:0;margin-bottom:0;\">\n\t\t\t\t<rs-module id=\"rev_slider_3_1\" style=\"\" data-version=\"6.2.23\">\n\t\t\t\t\t<rs-slides>\n\t\t\t\t\t\t<rs-slide data-key=\"rs-14\" data-title=\"Slide\" data-anim=\"ei:d;eo:d;s:600;r:0;t:fade;sl:d;\">\n\t\t\t\t\t\t\t<img src=\"https:\/\/galant-obuwie.pl\/wp-content\/uploads\/2019\/02\/Siedziba1-1.jpg\" title=\"Chi siamo\" class=\"rev-slidebg\" data-no-retina>\n<!---->\t\t\t\t\t\t<\/rs-slide>\n\t\t\t\t\t<\/rs-slides>\n\t\t\t\t<\/rs-module>\n\t\t\t\t<script type=\"text\/javascript\">\n\t\t\t\t\tsetREVStartSize({c: 'rev_slider_3_1',rl:[1240,1024,778,480],el:[],gw:[1920],gh:[1080],type:'hero',justify:'',layout:'fullwidth',mh:\"0\"});\n\t\t\t\t\tvar\trevapi3,\n\t\t\t\t\t\ttpj;\n\t\t\t\t\tfunction revinit_revslider31() {\n\t\t\t\t\tjQuery(function() {\n\t\t\t\t\t\ttpj = jQuery;\n\t\t\t\t\t\trevapi3 = tpj(\"#rev_slider_3_1\");\n\t\t\t\t\t\tif(revapi3==undefined || revapi3.revolution == undefined){\n\t\t\t\t\t\t\trevslider_showDoubleJqueryError(\"rev_slider_3_1\");\n\t\t\t\t\t\t}else{\n\t\t\t\t\t\t\trevapi3.revolution({\n\t\t\t\t\t\t\t\tsliderType:\"hero\",\n\t\t\t\t\t\t\t\tsliderLayout:\"fullwidth\",\n\t\t\t\t\t\t\t\tvisibilityLevels:\"1240,1024,778,480\",\n\t\t\t\t\t\t\t\tgridwidth:1920,\n\t\t\t\t\t\t\t\tgridheight:1080,\n\t\t\t\t\t\t\t\tspinner:\"spinner0\",\n\t\t\t\t\t\t\t\tperspectiveType:\"local\",\n\t\t\t\t\t\t\t\tresponsiveLevels:\"1240,1024,778,480\",\n\t\t\t\t\t\t\t\tprogressBar:{disableProgressBar:true},\n\t\t\t\t\t\t\t\tnavigation: {\n\t\t\t\t\t\t\t\t\tonHoverStop:false\n\t\t\t\t\t\t\t\t},\n\t\t\t\t\t\t\t\tfallbacks: {\n\t\t\t\t\t\t\t\t\tallowHTML5AutoPlayOnAndroid:true\n\t\t\t\t\t\t\t\t},\n\t\t\t\t\t\t\t});\n\t\t\t\t\t\t}\n\t\t\t\t\t\t\n\t\t\t\t\t});\n\t\t\t\t\t} \/\/ End of RevInitScript\n\t\t\t\tvar once_revslider31 = false;\n\t\t\t\tif (document.readyState === \"loading\") {document.addEventListener('readystatechange',function() { if((document.readyState === \"interactive\" || document.readyState === \"complete\") && !once_revslider31 ) { once_revslider31 = true; revinit_revslider31();}});} else {once_revslider31 = true; revinit_revslider31();}\n\t\t\t\t<\/script>\n\t\t\t<\/rs-module-wrap>\n\t\t\t<!-- END REVOLUTION SLIDER -->\n[\/vc_column_text][\/vc_column][\/vc_row][vc_row][vc_column width=&#8221;1\/2&#8243; css=&#8221;.vc_custom_1498069082975{padding: 0px !important;}&#8221;]<div class=\"shortcode_banner    wpb_animate_when_almost_visible wpb_slideInLeft slideInLeft\" style=\"animation-delay: 0s;\"><div class=\"shortcode_banner_inner hover-animation-true\"><div class=\"shortcode_banner_background_setting\" style=\"background-color:#2b2c32; background-image: url();\"><\/div><div class=\"shortcode_banner_inside\" style=\"height: 573px;\"><div class=\"shortcode_banner_inside_content\"><div class=\"banner_html_content\">\n<div class=\"text-center\" style=\"position: absolute; top: 50%; transform: translateY(-50%); padding: 0 22%;\">\n<h4 style=\"font-weight: 600; font-size: 30px; color: #fff; text-transform: uppercase; margin-bottom: 30px;\">CALZATURE POLACCHE CON UN PIZZICO DI TRADIZIONE FAMILIARE<\/h4>\n<p style=\"font-family: Open Sans; font-weight: 500; color: #a6a6a6; margin-bottom: 30px;\">L&#8217;azienda GALANT \u00e8 un&#8217;azienda polacca che pu\u00f2 essere orgogliosa del fatto che tutte le fasi della produzione di calzature si svolgono in Polonia. Siamo un&#8217;azienda di familia, per la quale le cose fondamentali sono la soddisfazione dei nostri clienti e il miglioramento continuo dei prodotti. Ci auguriamo che le informazioni presentate in questa pagina vi incoraggino a familiarizzare con la nostra offerta. Siete i benvenuti!<\/p>\n<\/div>\n<\/div><\/div><\/div><\/div><\/div>[\/vc_column][vc_column width=&#8221;1\/2&#8243; css=&#8221;.vc_custom_1498069094146{padding: 0px !important;}&#8221;]<div class=\"shortcode_banner banner_with_img   wpb_animate_when_almost_visible wpb_slideInRight slideInRight\" style=\"animation-delay: 0s;\"><div class=\"shortcode_banner_inner hover-animation-true\"><div class=\"shortcode_banner_background_setting\" style=\"background-color:#fff; background-image: url(https:\/\/galant-obuwie.pl\/wp-content\/uploads\/2018\/03\/rzemie\u015blnik.jpg);\"><\/div><div class=\"shortcode_banner_inside\" style=\"height: 573px;\"><div class=\"shortcode_banner_inside_content\"><\/div><\/div><\/div><\/div>[\/vc_column][\/vc_row][vc_row wrap_container=&#8221;true&#8221; css=&#8221;.vc_custom_1498097781177{margin-top: 70px !important;margin-bottom: 70px !important;}&#8221;][vc_column width=&#8221;1\/4&#8243;]<div class=\"icon-box image-icon   wpb_animate_when_almost_visible wpb_fadeInLeft fadeInLeft\" style=\"animation-delay: 0s;\"><div class=\"icon-box-inner content-bottom-algin\" style=\"background-color: #ffffff; padding: 30px 10px;\"><div class=\"icon-wrapper\"><img src=\"https:\/\/galant-obuwie.pl\/wp-content\/uploads\/2018\/02\/icon-quality.png\" alt=\"Image Icon\"><\/div><div class=\"icon-box-content\">\n<h4 style=\"text-align: center; font-size: 16px; text-transform: uppercase; font-weight: 500; color: #222;\">\u00a0QUALIT\u00c0<\/h4>\n<p style=\"text-align: center; color: #888; font-size: 14px; font-family: 'Open Sans';\"><span style=\"font-weight: 400;\">Le nostre calzature sono prodotte con pelle e materiali di altissima qualit\u00e0, rifiniti secondo le moderne tecnologie di produzione. L&#8217;accurata selezione delle forme per la produzione rende le scarpe ideali per ogni piede.<\/span><\/p>\n<\/div><\/div><\/div>[\/vc_column][vc_column width=&#8221;1\/4&#8243;]<div class=\"icon-box image-icon   wpb_animate_when_almost_visible wpb_fadeInLeft fadeInLeft\" style=\"animation-delay: 0s;\"><div class=\"icon-box-inner content-bottom-algin\" style=\"background-color: #ffffff; padding: 30px 10px;\"><div class=\"icon-wrapper\"><img src=\"https:\/\/galant-obuwie.pl\/wp-content\/uploads\/2018\/02\/icon-natural.png\" alt=\"Image Icon\"><\/div><div class=\"icon-box-content\">\n<h4 style=\"text-align: center; font-size: 16px; text-transform: uppercase; font-weight: 500; color: #222;\">\u00a0NATURALEZZA<\/h4>\n<p style=\"text-align: center; color: #888; font-size: 14px; font-family: 'Open Sans';\"><span style=\"font-weight: 400;\">Grazie all&#8217;utilizzo di materiali naturali che formano l&#8217;interno della scarpa, i clienti possono godere del comfort portando le nostre scarpe che veramente &#8220;respirano&#8221;.<\/span><\/p>\n<\/div><\/div><\/div>[\/vc_column][vc_column width=&#8221;1\/4&#8243;]<div class=\"icon-box image-icon   wpb_animate_when_almost_visible wpb_fadeInRight fadeInRight\" style=\"animation-delay: 0s;\"><div class=\"icon-box-inner content-bottom-algin\" style=\"background-color: #ffffff; padding: 30px 10px;\"><div class=\"icon-wrapper\"><img src=\"https:\/\/galant-obuwie.pl\/wp-content\/uploads\/2018\/02\/icon-relax.png\" alt=\"Image Icon\"><\/div><div class=\"icon-box-content\">\n<h4 style=\"text-align: center; font-size: 16px; text-transform: uppercase; font-weight: 500; color: #222;\">\u00a0SISTEMA RELAX<\/h4>\n<p style=\"text-align: center; color: #888; font-size: 14px; font-family: 'Open Sans';\"><span style=\"font-weight: 400;\">L&#8217;azienda Galant, durante tanti anni di esperienza, si \u00e8 specializzata nella produzione di calzature con l&#8217;esclusivo Sistema Relax che \u00e8 caratterizzato dalla calzata maggiorata, da G ad H. L&#8217;interno \u00e8 realizzato in pelle naturale e presenta le solette innovative e confortevoli.<\/span><\/p>\n<\/div><\/div><\/div>[\/vc_column][vc_column width=&#8221;1\/4&#8243;]<div class=\"icon-box image-icon   wpb_animate_when_almost_visible wpb_fadeInRight fadeInRight\" style=\"animation-delay: 0s;\"><div class=\"icon-box-inner content-bottom-algin\" style=\"background-color: #ffffff; padding: 30px 10px;\"><div class=\"icon-wrapper\"><img src=\"https:\/\/galant-obuwie.pl\/wp-content\/uploads\/2018\/02\/icon-dostepnosc.png\" alt=\"Image Icon\"><\/div><div class=\"icon-box-content\">\n<h4 style=\"text-align: center; font-size: 16px; text-transform: uppercase; font-weight: 500; color: #222;\">\u00a0DISPONIBILIT\u00c0<\/h4>\n<p style=\"text-align: center; color: #888; font-size: 14px; font-family: 'Open Sans';\"><span style=\"font-weight: 400;\">L&#8217;intera collezione pu\u00f2 essere visionata presso la sede di GALANT, cos\u00ec come alle fiere in Polonia (Polshoes), Lituania, Bielorussia, Ucraina, Repubblica Ceca, Ungheria e Bulgaria.<\/span><\/p>\n<\/div><\/div><\/div>[\/vc_column][\/vc_row][vc_row css_animation=&#8221;flipInX&#8221; wrap_container=&#8221;true&#8221; css=&#8221;.vc_custom_1498104065155{margin-top: 0px !important;padding-top: 100px !important;padding-bottom: 100px !important;background-color: #2b2c32 !important;}&#8221;][vc_column width=&#8221;1\/3&#8243;]<div class=\"counter-box text-center   wpb_animate_when_almost_visible wpb_fadeIn fadeIn\" style=\"animation-delay: 0s; color: #ffffff\"><span class=\"dispaly-counter\" data-value=\"321\" data-duration=\"3000\" data-delay=\"10\">321<\/span><span class=\"counter-text\">MODELLI DI SCARPE<\/span><\/div>[\/vc_column][vc_column width=&#8221;1\/3&#8243;]<div class=\"counter-box text-center   wpb_animate_when_almost_visible wpb_fadeIn fadeIn\" style=\"animation-delay: 0s; color: #ffffff\"><span class=\"dispaly-counter\" data-value=\"100\" data-duration=\"3000\" data-delay=\"10\">100<\/span><span class=\"counter-text\">% SODDISFAZIONE AL <\/span><\/div>[\/vc_column][vc_column width=&#8221;1\/3&#8243;]<div class=\"counter-box text-center   wpb_animate_when_almost_visible wpb_fadeIn fadeIn\" style=\"animation-delay: 0s; color: #ffffff\"><span class=\"dispaly-counter\" data-value=\"6541\" data-duration=\"3000\" data-delay=\"10\">6541<\/span><span class=\"counter-text\">ORE DI PRODUZIONE<\/span><\/div>[\/vc_column][\/vc_row][vc_row disable_element=&#8221;yes&#8221;][vc_column css=&#8221;.vc_custom_1498098946806{padding: 0px !important;}&#8221;]<div class=\"image-slickslider   wpb_animate_when_almost_visible wpb_bounceInRight bounceInRight\" style=\"animation-delay: 0.3s;\"><div class=\"slider-inside\" data-view=\"4\" data-scroll=\"1\" data-speed=\"4000\" data-auto=\"true\" data-dots=\"true\" data-nav=\"true\" data-loop=\"false\"><div class=\"image-slider-item\"><img src=\"https:\/\/galant-obuwie.pl\/wp-content\/uploads\/2018\/02\/03.jpg\" alt=\"Carousel Image\"><\/div><div class=\"image-slider-item\"><img src=\"https:\/\/galant-obuwie.pl\/wp-content\/uploads\/2018\/02\/05.jpg\" alt=\"Carousel Image\"><\/div><div class=\"image-slider-item\"><img src=\"https:\/\/galant-obuwie.pl\/wp-content\/uploads\/2018\/02\/08.jpg\" alt=\"Carousel Image\"><\/div><div class=\"image-slider-item\"><img src=\"https:\/\/galant-obuwie.pl\/wp-content\/uploads\/2018\/02\/15.jpg\" alt=\"Carousel Image\"><\/div><div class=\"image-slider-item\"><img src=\"https:\/\/galant-obuwie.pl\/wp-content\/uploads\/2018\/02\/12.jpg\" alt=\"Carousel Image\"><\/div><div class=\"image-slider-item\"><img src=\"https:\/\/galant-obuwie.pl\/wp-content\/uploads\/2018\/02\/02.jpg\" alt=\"Carousel Image\"><\/div><div class=\"image-slider-item\"><img src=\"https:\/\/galant-obuwie.pl\/wp-content\/uploads\/2018\/02\/01.jpg\" alt=\"Carousel Image\"><\/div><div class=\"image-slider-item\"><img src=\"https:\/\/galant-obuwie.pl\/wp-content\/uploads\/2018\/03\/01-2.jpg\" alt=\"Carousel Image\"><\/div><div class=\"image-slider-item\"><img src=\"https:\/\/galant-obuwie.pl\/wp-content\/uploads\/2018\/03\/02-2.jpg\" alt=\"Carousel Image\"><\/div><div class=\"image-slider-item\"><img src=\"https:\/\/galant-obuwie.pl\/wp-content\/uploads\/2018\/03\/03-2.jpg\" alt=\"Carousel Image\"><\/div><div class=\"image-slider-item\"><img src=\"https:\/\/galant-obuwie.pl\/wp-content\/uploads\/2018\/03\/05-2.jpg\" alt=\"Carousel Image\"><\/div><div class=\"image-slider-item\"><img src=\"https:\/\/galant-obuwie.pl\/wp-content\/uploads\/2018\/03\/06-2.jpg\" alt=\"Carousel Image\"><\/div><\/div><\/div>[\/vc_column][\/vc_row][vc_row][vc_column css=&#8221;.vc_custom_1498098946806{padding: 0px !important;}&#8221;]<div class=\"image-slickslider   wpb_animate_when_almost_visible wpb_bounceInRight bounceInRight\" style=\"animation-delay: 0.3s;\"><div class=\"slider-inside\" data-view=\"4\" data-scroll=\"1\" data-speed=\"4000\" data-auto=\"true\" data-dots=\"true\" data-nav=\"true\" data-loop=\"false\"><div class=\"image-slider-item\"><img src=\"https:\/\/galant-obuwie.pl\/wp-content\/uploads\/2021\/07\/12.jpg\" alt=\"Carousel Image\"><\/div><div class=\"image-slider-item\"><img src=\"https:\/\/galant-obuwie.pl\/wp-content\/uploads\/2021\/07\/01.jpg\" alt=\"Carousel Image\"><\/div><div class=\"image-slider-item\"><img src=\"https:\/\/galant-obuwie.pl\/wp-content\/uploads\/2021\/07\/02.jpg\" alt=\"Carousel Image\"><\/div><div class=\"image-slider-item\"><img src=\"https:\/\/galant-obuwie.pl\/wp-content\/uploads\/2021\/07\/03.jpg\" alt=\"Carousel Image\"><\/div><div class=\"image-slider-item\"><img src=\"https:\/\/galant-obuwie.pl\/wp-content\/uploads\/2021\/07\/05.jpg\" alt=\"Carousel Image\"><\/div><div class=\"image-slider-item\"><img src=\"https:\/\/galant-obuwie.pl\/wp-content\/uploads\/2021\/07\/06.jpg\" alt=\"Carousel Image\"><\/div><div class=\"image-slider-item\"><img src=\"https:\/\/galant-obuwie.pl\/wp-content\/uploads\/2021\/07\/08.jpg\" alt=\"Carousel Image\"><\/div><div class=\"image-slider-item\"><img src=\"https:\/\/galant-obuwie.pl\/wp-content\/uploads\/2021\/07\/09.jpg\" alt=\"Carousel Image\"><\/div><div class=\"image-slider-item\"><img src=\"https:\/\/galant-obuwie.pl\/wp-content\/uploads\/2021\/07\/10.jpg\" alt=\"Carousel Image\"><\/div><\/div><\/div>[\/vc_column][\/vc_row][vc_row css_animation=&#8221;fadeInUp&#8221; wrap_container=&#8221;true&#8221; css=&#8221;.vc_custom_1519223821512{background-color: #d80000 !important;}&#8221;][vc_column][vc_column_text css=&#8221;.vc_custom_1626356537859{margin-bottom: 0px !important;padding-top: 80px !important;padding-bottom: 80px !important;}&#8221;]\n<p style=\"text-align: center; color: #fff; font-size: 24px; font-weight: 500; margin: 0;\">SE SEI INTERESSATO ALLA NOSTRA OFFERTA, CONTATTACI &#8211; <a style=\"color: #fff; font-weight: 600; text-decoration: underline;\" href=\"\/it\/contatto\/\">CONTATTI<\/a><\/p>\n[\/vc_column_text][\/vc_column][\/vc_row]\n","protected":false},"excerpt":{"rendered":"<p>[vc_row el_id=&#8221;slider-o-firmie&#8221;][vc_column][vc_column_text][\/vc_column_text][\/vc_column][\/vc_row][vc_row][vc_column width=&#8221;1\/2&#8243; css=&#8221;.vc_custom_1498069082975{padding: 0px !important;}&#8221;][\/vc_column][vc_column width=&#8221;1\/2&#8243; css=&#8221;.vc_custom_1498069094146{padding: 0px !important;}&#8221;][\/vc_column][\/vc_row][vc_row wrap_container=&#8221;true&#8221; css=&#8221;.vc_custom_1498097781177{margin-top: 70px !important;margin-bottom: 70px !important;}&#8221;][vc_column width=&#8221;1\/4&#8243;][\/vc_column][vc_column width=&#8221;1\/4&#8243;][\/vc_column][vc_column width=&#8221;1\/4&#8243;][\/vc_column][vc_column width=&#8221;1\/4&#8243;][\/vc_column][\/vc_row][vc_row css_animation=&#8221;flipInX&#8221; wrap_container=&#8221;true&#8221; css=&#8221;.vc_custom_1498104065155{margin-top: 0px !important;padding-top: 100px !important;padding-bottom: 100px !important;background-color: #2b2c32 !important;}&#8221;][vc_column width=&#8221;1\/3&#8243;][\/vc_column][vc_column width=&#8221;1\/3&#8243;][\/vc_column][vc_column width=&#8221;1\/3&#8243;][\/vc_column][\/vc_row][vc_row disable_element=&#8221;yes&#8221;][vc_column css=&#8221;.vc_custom_1498098946806{padding: 0px !important;}&#8221;][\/vc_column][\/vc_row][vc_row][vc_column css=&#8221;.vc_custom_1498098946806{padding: 0px !important;}&#8221;][\/vc_column][\/vc_row][vc_row css_animation=&#8221;fadeInUp&#8221; wrap_container=&#8221;true&#8221; css=&#8221;.vc_custom_1519223821512{background-color: #d80000 !important;}&#8221;][vc_column][vc_column_text css=&#8221;.vc_custom_1626356537859{margin-bottom: 0px !important;padding-top: 80px !important;padding-bottom: 80px !important;}&#8221;] SE SEI [&hellip;]<\/p>\n","protected":false},"author":7,"featured_media":0,"parent":0,"menu_order":0,"comment_status":"closed","ping_status":"closed","template":"","meta":[],"yoast_head":"<!-- This site is optimized with the Yoast SEO plugin v15.7 - https:\/\/yoast.com\/wordpress\/plugins\/seo\/ -->\n<title>Calzature da donna - RICHIESTA DI COLLABORAZIONE - GALANT<\/title>\n<meta name=\"description\" content=\"Calzature da donna \ud83c\udf1f Scopri la vasta gamma di scarpe direttamente dal produttore - GALANT. Il marchio noto sia sul mercato polacco che all&#039;estero per i materiali di alta qualit\u00e0, modelli e disegni delle ultime tendenze, che sta guadagnando sempre pi\u00f9 clienti. L&#039;offerta comprende \u2733\ufe0f stivaletti da donna \u2733\ufe0f d\u00e9collet\u00e9 \u2733\ufe0f calzature sportive \u2733\ufe0f sandali.\" \/>\n<meta name=\"robots\" content=\"index, follow, max-snippet:-1, max-image-preview:large, max-video-preview:-1\" \/>\n<link rel=\"canonical\" href=\"https:\/\/galant-obuwie.pl\/it\/chi-siamo\/\" \/>\n<meta property=\"og:locale\" content=\"it_IT\" \/>\n<meta property=\"og:type\" content=\"article\" \/>\n<meta property=\"og:title\" content=\"Calzature da donna - RICHIESTA DI COLLABORAZIONE - GALANT\" \/>\n<meta property=\"og:description\" content=\"Calzature da donna \ud83c\udf1f Scopri la vasta gamma di scarpe direttamente dal produttore - GALANT. Il marchio noto sia sul mercato polacco che all&#039;estero per i materiali di alta qualit\u00e0, modelli e disegni delle ultime tendenze, che sta guadagnando sempre pi\u00f9 clienti. L&#039;offerta comprende \u2733\ufe0f stivaletti da donna \u2733\ufe0f d\u00e9collet\u00e9 \u2733\ufe0f calzature sportive \u2733\ufe0f sandali.\" \/>\n<meta property=\"og:url\" content=\"https:\/\/galant-obuwie.pl\/it\/chi-siamo\/\" \/>\n<meta property=\"og:site_name\" content=\"Galant polski producent obuwia\" \/>\n<meta property=\"article:modified_time\" content=\"2021-07-22T12:15:58+00:00\" \/>\n<meta name=\"twitter:card\" content=\"summary_large_image\" \/>\n<meta name=\"twitter:label1\" content=\"Tempo di lettura stimato\">\n\t<meta name=\"twitter:data1\" content=\"2 minuti\">\n<script type=\"application\/ld+json\" class=\"yoast-schema-graph\">{\"@context\":\"https:\/\/schema.org\",\"@graph\":[{\"@type\":\"WebSite\",\"@id\":\"https:\/\/galant-obuwie.pl\/#website\",\"url\":\"https:\/\/galant-obuwie.pl\/\",\"name\":\"Galant polski producent obuwia\",\"description\":\"\",\"potentialAction\":[{\"@type\":\"SearchAction\",\"target\":\"https:\/\/galant-obuwie.pl\/?s={search_term_string}\",\"query-input\":\"required name=search_term_string\"}],\"inLanguage\":\"it-IT\"},{\"@type\":\"WebPage\",\"@id\":\"https:\/\/galant-obuwie.pl\/it\/chi-siamo\/#webpage\",\"url\":\"https:\/\/galant-obuwie.pl\/it\/chi-siamo\/\",\"name\":\"Calzature da donna - RICHIESTA DI COLLABORAZIONE - GALANT\",\"isPartOf\":{\"@id\":\"https:\/\/galant-obuwie.pl\/#website\"},\"datePublished\":\"2021-07-15T12:24:40+00:00\",\"dateModified\":\"2021-07-22T12:15:58+00:00\",\"description\":\"Calzature da donna \\ud83c\\udf1f Scopri la vasta gamma di scarpe direttamente dal produttore - GALANT. Il marchio noto sia sul mercato polacco che all'estero per i materiali di alta qualit\\u00e0, modelli e disegni delle ultime tendenze, che sta guadagnando sempre pi\\u00f9 clienti. L'offerta comprende \\u2733\\ufe0f stivaletti da donna \\u2733\\ufe0f d\\u00e9collet\\u00e9 \\u2733\\ufe0f calzature sportive \\u2733\\ufe0f sandali.\",\"inLanguage\":\"it-IT\",\"potentialAction\":[{\"@type\":\"ReadAction\",\"target\":[\"https:\/\/galant-obuwie.pl\/it\/chi-siamo\/\"]}]}]}<\/script>\n<!-- \/ Yoast SEO plugin. -->","_links":{"self":[{"href":"https:\/\/galant-obuwie.pl\/it\/wp-json\/wp\/v2\/pages\/2569"}],"collection":[{"href":"https:\/\/galant-obuwie.pl\/it\/wp-json\/wp\/v2\/pages"}],"about":[{"href":"https:\/\/galant-obuwie.pl\/it\/wp-json\/wp\/v2\/types\/page"}],"author":[{"embeddable":true,"href":"https:\/\/galant-obuwie.pl\/it\/wp-json\/wp\/v2\/users\/7"}],"replies":[{"embeddable":true,"href":"https:\/\/galant-obuwie.pl\/it\/wp-json\/wp\/v2\/comments?post=2569"}],"version-history":[{"count":5,"href":"https:\/\/galant-obuwie.pl\/it\/wp-json\/wp\/v2\/pages\/2569\/revisions"}],"predecessor-version":[{"id":2617,"href":"https:\/\/galant-obuwie.pl\/it\/wp-json\/wp\/v2\/pages\/2569\/revisions\/2617"}],"wp:attachment":[{"href":"https:\/\/galant-obuwie.pl\/it\/wp-json\/wp\/v2\/media?parent=2569"}],"curies":[{"name":"wp","href":"https:\/\/api.w.org\/{rel}","templated":true}]}}