{"id":2762,"date":"2025-07-30T08:52:50","date_gmt":"2025-07-30T06:52:50","guid":{"rendered":"https:\/\/galant-obuwie.pl\/?page_id=2762"},"modified":"2025-07-30T08:57:22","modified_gmt":"2025-07-30T06:57:22","slug":"sistemul-orto-med","status":"publish","type":"page","link":"https:\/\/galant-obuwie.pl\/ro\/sistemul-orto-med\/","title":{"rendered":"Sistemul Orto-Med"},"content":{"rendered":"[vc_row][vc_column width=&#8221;1\/6&#8243;][\/vc_column][vc_column width=&#8221;2\/3&#8243;][vc_column_text css_animation=&#8221;fadeInUp&#8221;]<span style=\"font-weight: 400;\">Pentru a r\u0103spunde a\u0219tept\u0103rilor clien\u021bilor, compania GALANT a creat o linie de \u00eenc\u0103l\u021b\u0103minte dedicat\u0103 persoanelor cu afec\u021biuni ale picioarelor, care necesit\u0103 sprijin \u0219i sus\u021binere adecvat\u0103. \u00cenc\u0103l\u021b\u0103mintea noastr\u0103 cu sistem orto-med poate fi \u00eemp\u0103r\u021bit\u0103 \u00een dou\u0103 categorii: \u00eenc\u0103l\u021b\u0103minte de iarn\u0103 \u0219i \u00eenc\u0103l\u021b\u0103minte pentru toate anotimpurile.<\/span><\/p>\n<p><span style=\"font-weight: 400;\">\u00cenc\u0103l\u021b\u0103mintea de iarn\u0103 se remarc\u0103 prin l\u0103rgime m\u0103rit\u0103, chiar \u0219i p\u00e2n\u0103 la X \u00bd, bran\u021b unic ce ofer\u0103 confort dublu, izola\u021bie termic\u0103 optim\u0103 \u0219i fe\u021be de pantof chiar \u0219i de tip XXL. \u00cenc\u0103l\u021b\u0103mintea pentru toate anotimpurile dispune de bran\u021b cu sus\u021binere pentru scobitura longitudinal\u0103 a piciorului, bran\u021b cu pelot\u0103 pentru scobitura transversal\u0103, finisaj special (stretch) \u0219i sistemul Big Relax.<\/span><\/p>\n<p><span style=\"font-weight: 400;\">Datorit\u0103 utiliz\u0103rii unor materiale moderne, prietenoase cu picioarele obosite, precum \u0219i a tehnologiilor avansate de asamblare, pantofii no\u0219tri sunt dota\u021bi cu bran\u021buri interschimbabile extrem de confortabile, fe\u021be elastice \u0219i t\u0103lpi foarte u\u0219oare \u0219i moi. Sunt fabrica\u021bi pe calapoade cu diferite l\u0103\u021bimi \u0219i sunt recomanda\u021bi \u00een special pentru afec\u021biuni precum hallux valgus (monturi) sau degete \u00een ciocan.<\/span>[\/vc_column_text][vc_column_text css_animation=&#8221;fadeInUp&#8221; el_class=&#8221;video_box&#8221;]<video poster=\"\/wp-content\/uploads\/2021\/07\/poster.jpg\" controls=\"controls\" width=\"600\" height=\"400\"><source src=\"\/wp-content\/uploads\/2021\/07\/ortomed.mp4\" type=\"video\/mp4\" \/>Twoja przegl\u0105darka nie wspiera tego typu video.<\/video>[\/vc_column_text][vc_empty_space][\/vc_column][vc_column width=&#8221;1\/6&#8243;][\/vc_column][\/vc_row][vc_row wrap_container=&#8221;true&#8221; css=&#8221;.vc_custom_1519387360667{padding-right: 5% !important;padding-left: 5% !important;}&#8221; el_class=&#8221;max1400&#8243;][vc_column width=&#8221;1\/4&#8243;][vc_single_image image=&#8221;1935&#8243; img_size=&#8221;400&#215;300&#8243; alignment=&#8221;center&#8221; style=&#8221;vc_box_circle_2&#8243; css_animation=&#8221;fadeInUp&#8221; title=&#8221;Sistem Relax&#8221;][\/vc_column][vc_column width=&#8221;1\/4&#8243;][vc_single_image image=&#8221;2018&#8243; img_size=&#8221;400&#215;300&#8243; alignment=&#8221;center&#8221; style=&#8221;vc_box_circle_2&#8243; css_animation=&#8221;fadeInUp&#8221; title=&#8221;Sistem Relax Big&#8221;][\/vc_column][vc_column width=&#8221;1\/4&#8243;][vc_single_image image=&#8221;1934&#8243; img_size=&#8221;400&#215;300&#8243; alignment=&#8221;center&#8221; style=&#8221;vc_box_circle_2&#8243; css_animation=&#8221;fadeInUp&#8221; title=&#8221;Confort&#8221;][\/vc_column][vc_column width=&#8221;1\/4&#8243;][vc_single_image image=&#8221;2289&#8243; img_size=&#8221;400&#215;300&#8243; alignment=&#8221;center&#8221; style=&#8221;vc_box_circle_2&#8243; css_animation=&#8221;fadeInUp&#8221; title=&#8221;Stretch&#8221;][\/vc_column][\/vc_row][vc_row wrap_container=&#8221;true&#8221; css=&#8221;.vc_custom_1519387360667{padding-right: 5% !important;padding-left: 5% !important;}&#8221; el_class=&#8221;max1400&#8243;][vc_column width=&#8221;1\/4&#8243;][vc_single_image image=&#8221;2285&#8243; img_size=&#8221;400&#215;300&#8243; alignment=&#8221;center&#8221; style=&#8221;vc_box_circle_2&#8243; css_animation=&#8221;fadeInUp&#8221; title=&#8221;L\u0103\u021bime H \u00bd&#8221;][\/vc_column][vc_column width=&#8221;1\/4&#8243;][vc_single_image image=&#8221;2017&#8243; img_size=&#8221;400&#215;300&#8243; style=&#8221;vc_box_circle_2&#8243; css_animation=&#8221;fadeInUp&#8221; title=&#8221;Confort dublu&#8221;][\/vc_column][vc_column width=&#8221;1\/4&#8243;][vc_single_image image=&#8221;2086&#8243; img_size=&#8221;400&#215;300&#8243; alignment=&#8221;center&#8221; style=&#8221;vc_box_circle_2&#8243; css_animation=&#8221;fadeInUp&#8221; title=&#8221;Fa\u021b\u0103 XXL&#8221;][\/vc_column][\/vc_row][vc_row][vc_column][vc_empty_space height=&#8221;150px&#8221;][\/vc_column][\/vc_row]\n","protected":false},"excerpt":{"rendered":"<p>[vc_row][vc_column width=&#8221;1\/6&#8243;][\/vc_column][vc_column width=&#8221;2\/3&#8243;][vc_column_text css_animation=&#8221;fadeInUp&#8221;]Pentru a r\u0103spunde a\u0219tept\u0103rilor clien\u021bilor, compania GALANT a creat o linie de \u00eenc\u0103l\u021b\u0103minte dedicat\u0103 persoanelor cu afec\u021biuni ale picioarelor, care necesit\u0103 sprijin \u0219i sus\u021binere adecvat\u0103. \u00cenc\u0103l\u021b\u0103mintea noastr\u0103 cu sistem orto-med poate fi \u00eemp\u0103r\u021bit\u0103 \u00een dou\u0103 categorii: \u00eenc\u0103l\u021b\u0103minte de iarn\u0103 \u0219i \u00eenc\u0103l\u021b\u0103minte pentru toate anotimpurile. \u00cenc\u0103l\u021b\u0103mintea de iarn\u0103 se remarc\u0103 prin l\u0103rgime m\u0103rit\u0103, [&hellip;]<\/p>\n","protected":false},"author":7,"featured_media":0,"parent":0,"menu_order":0,"comment_status":"closed","ping_status":"closed","template":"","meta":[],"yoast_head":"<!-- This site is optimized with the Yoast SEO plugin v15.7 - https:\/\/yoast.com\/wordpress\/plugins\/seo\/ -->\n<title>Sistemul Orto-Med - Galant polski producent obuwia<\/title>\n<meta name=\"robots\" content=\"index, follow, max-snippet:-1, max-image-preview:large, max-video-preview:-1\" \/>\n<link rel=\"canonical\" href=\"https:\/\/galant-obuwie.pl\/ro\/sistemul-orto-med\/\" \/>\n<meta property=\"og:locale\" content=\"ro_RO\" \/>\n<meta property=\"og:type\" content=\"article\" \/>\n<meta property=\"og:title\" content=\"Sistemul Orto-Med - Galant polski producent obuwia\" \/>\n<meta property=\"og:description\" content=\"[vc_row][vc_column width=&#8221;1\/6&#8243;][\/vc_column][vc_column width=&#8221;2\/3&#8243;][vc_column_text css_animation=&#8221;fadeInUp&#8221;]Pentru a r\u0103spunde a\u0219tept\u0103rilor clien\u021bilor, compania GALANT a creat o linie de \u00eenc\u0103l\u021b\u0103minte dedicat\u0103 persoanelor cu afec\u021biuni ale picioarelor, care necesit\u0103 sprijin \u0219i sus\u021binere adecvat\u0103. \u00cenc\u0103l\u021b\u0103mintea noastr\u0103 cu sistem orto-med poate fi \u00eemp\u0103r\u021bit\u0103 \u00een dou\u0103 categorii: \u00eenc\u0103l\u021b\u0103minte de iarn\u0103 \u0219i \u00eenc\u0103l\u021b\u0103minte pentru toate anotimpurile. \u00cenc\u0103l\u021b\u0103mintea de iarn\u0103 se remarc\u0103 prin l\u0103rgime m\u0103rit\u0103, [&hellip;]\" \/>\n<meta property=\"og:url\" content=\"https:\/\/galant-obuwie.pl\/ro\/sistemul-orto-med\/\" \/>\n<meta property=\"og:site_name\" content=\"Galant polski producent obuwia\" \/>\n<meta property=\"article:modified_time\" content=\"2025-07-30T06:57:22+00:00\" \/>\n<meta name=\"twitter:card\" content=\"summary_large_image\" \/>\n<meta name=\"twitter:label1\" content=\"Timp estimat pentru citire\">\n\t<meta name=\"twitter:data1\" content=\"2 minute\">\n<script type=\"application\/ld+json\" class=\"yoast-schema-graph\">{\"@context\":\"https:\/\/schema.org\",\"@graph\":[{\"@type\":\"WebSite\",\"@id\":\"https:\/\/galant-obuwie.pl\/#website\",\"url\":\"https:\/\/galant-obuwie.pl\/\",\"name\":\"Galant polski producent obuwia\",\"description\":\"\",\"potentialAction\":[{\"@type\":\"SearchAction\",\"target\":\"https:\/\/galant-obuwie.pl\/?s={search_term_string}\",\"query-input\":\"required name=search_term_string\"}],\"inLanguage\":\"ro-RO\"},{\"@type\":\"WebPage\",\"@id\":\"https:\/\/galant-obuwie.pl\/ro\/sistemul-orto-med\/#webpage\",\"url\":\"https:\/\/galant-obuwie.pl\/ro\/sistemul-orto-med\/\",\"name\":\"Sistemul Orto-Med - Galant polski producent obuwia\",\"isPartOf\":{\"@id\":\"https:\/\/galant-obuwie.pl\/#website\"},\"datePublished\":\"2025-07-30T06:52:50+00:00\",\"dateModified\":\"2025-07-30T06:57:22+00:00\",\"inLanguage\":\"ro-RO\",\"potentialAction\":[{\"@type\":\"ReadAction\",\"target\":[\"https:\/\/galant-obuwie.pl\/ro\/sistemul-orto-med\/\"]}]}]}<\/script>\n<!-- \/ Yoast SEO plugin. -->","_links":{"self":[{"href":"https:\/\/galant-obuwie.pl\/ro\/wp-json\/wp\/v2\/pages\/2762"}],"collection":[{"href":"https:\/\/galant-obuwie.pl\/ro\/wp-json\/wp\/v2\/pages"}],"about":[{"href":"https:\/\/galant-obuwie.pl\/ro\/wp-json\/wp\/v2\/types\/page"}],"author":[{"embeddable":true,"href":"https:\/\/galant-obuwie.pl\/ro\/wp-json\/wp\/v2\/users\/7"}],"replies":[{"embeddable":true,"href":"https:\/\/galant-obuwie.pl\/ro\/wp-json\/wp\/v2\/comments?post=2762"}],"version-history":[{"count":3,"href":"https:\/\/galant-obuwie.pl\/ro\/wp-json\/wp\/v2\/pages\/2762\/revisions"}],"predecessor-version":[{"id":2766,"href":"https:\/\/galant-obuwie.pl\/ro\/wp-json\/wp\/v2\/pages\/2762\/revisions\/2766"}],"wp:attachment":[{"href":"https:\/\/galant-obuwie.pl\/ro\/wp-json\/wp\/v2\/media?parent=2762"}],"curies":[{"name":"wp","href":"https:\/\/api.w.org\/{rel}","templated":true}]}}