{"id":2767,"date":"2025-07-30T09:03:01","date_gmt":"2025-07-30T07:03:01","guid":{"rendered":"https:\/\/galant-obuwie.pl\/?page_id=2767"},"modified":"2025-07-30T09:04:37","modified_gmt":"2025-07-30T07:04:37","slug":"compania","status":"publish","type":"page","link":"https:\/\/galant-obuwie.pl\/ro\/compania\/","title":{"rendered":"Compania"},"content":{"rendered":"[vc_row el_id=&#8221;slider-o-firmie&#8221;][vc_column][vc_column_text]\n\t\t\t<!-- START ofirmie REVOLUTION SLIDER 6.2.23 --><p class=\"rs-p-wp-fix\"><\/p>\n\t\t\t<rs-module-wrap id=\"rev_slider_3_1_wrapper\" data-source=\"gallery\" style=\"background:transparent;padding:0;margin:0px auto;margin-top:0;margin-bottom:0;\">\n\t\t\t\t<rs-module id=\"rev_slider_3_1\" style=\"\" data-version=\"6.2.23\">\n\t\t\t\t\t<rs-slides>\n\t\t\t\t\t\t<rs-slide data-key=\"rs-14\" data-title=\"Slide\" data-anim=\"ei:d;eo:d;s:600;r:0;t:fade;sl:d;\">\n\t\t\t\t\t\t\t<img src=\"https:\/\/galant-obuwie.pl\/wp-content\/uploads\/2019\/02\/Siedziba1-1.jpg\" title=\"Compania\" class=\"rev-slidebg\" data-no-retina>\n<!---->\t\t\t\t\t\t<\/rs-slide>\n\t\t\t\t\t<\/rs-slides>\n\t\t\t\t<\/rs-module>\n\t\t\t\t<script type=\"text\/javascript\">\n\t\t\t\t\tsetREVStartSize({c: 'rev_slider_3_1',rl:[1240,1024,778,480],el:[],gw:[1920],gh:[1080],type:'hero',justify:'',layout:'fullwidth',mh:\"0\"});\n\t\t\t\t\tvar\trevapi3,\n\t\t\t\t\t\ttpj;\n\t\t\t\t\tfunction revinit_revslider31() {\n\t\t\t\t\tjQuery(function() {\n\t\t\t\t\t\ttpj = jQuery;\n\t\t\t\t\t\trevapi3 = tpj(\"#rev_slider_3_1\");\n\t\t\t\t\t\tif(revapi3==undefined || revapi3.revolution == undefined){\n\t\t\t\t\t\t\trevslider_showDoubleJqueryError(\"rev_slider_3_1\");\n\t\t\t\t\t\t}else{\n\t\t\t\t\t\t\trevapi3.revolution({\n\t\t\t\t\t\t\t\tsliderType:\"hero\",\n\t\t\t\t\t\t\t\tsliderLayout:\"fullwidth\",\n\t\t\t\t\t\t\t\tvisibilityLevels:\"1240,1024,778,480\",\n\t\t\t\t\t\t\t\tgridwidth:1920,\n\t\t\t\t\t\t\t\tgridheight:1080,\n\t\t\t\t\t\t\t\tspinner:\"spinner0\",\n\t\t\t\t\t\t\t\tperspectiveType:\"local\",\n\t\t\t\t\t\t\t\tresponsiveLevels:\"1240,1024,778,480\",\n\t\t\t\t\t\t\t\tprogressBar:{disableProgressBar:true},\n\t\t\t\t\t\t\t\tnavigation: {\n\t\t\t\t\t\t\t\t\tonHoverStop:false\n\t\t\t\t\t\t\t\t},\n\t\t\t\t\t\t\t\tfallbacks: {\n\t\t\t\t\t\t\t\t\tallowHTML5AutoPlayOnAndroid:true\n\t\t\t\t\t\t\t\t},\n\t\t\t\t\t\t\t});\n\t\t\t\t\t\t}\n\t\t\t\t\t\t\n\t\t\t\t\t});\n\t\t\t\t\t} \/\/ End of RevInitScript\n\t\t\t\tvar once_revslider31 = false;\n\t\t\t\tif (document.readyState === \"loading\") {document.addEventListener('readystatechange',function() { if((document.readyState === \"interactive\" || document.readyState === \"complete\") && !once_revslider31 ) { once_revslider31 = true; revinit_revslider31();}});} else {once_revslider31 = true; revinit_revslider31();}\n\t\t\t\t<\/script>\n\t\t\t<\/rs-module-wrap>\n\t\t\t<!-- END REVOLUTION SLIDER -->\n[\/vc_column_text][\/vc_column][\/vc_row][vc_row][vc_column width=&#8221;1\/2&#8243; css=&#8221;.vc_custom_1498069082975{padding: 0px !important;}&#8221;]<div class=\"shortcode_banner    wpb_animate_when_almost_visible wpb_slideInLeft slideInLeft\" style=\"animation-delay: 0s;\"><div class=\"shortcode_banner_inner hover-animation-true\"><div class=\"shortcode_banner_background_setting\" style=\"background-color:#2b2c32; background-image: url();\"><\/div><div class=\"shortcode_banner_inside\" style=\"height: 573px;\"><div class=\"shortcode_banner_inside_content\"><div class=\"banner_html_content\">\n<div class=\"text-center\" style=\"position: absolute; top: 50%; transform: translateY(-50%); padding: 0 22%;\">\n<h4 style=\"font-weight: 600; font-size: 30px; color: #fff; text-transform: uppercase; margin-bottom: 30px;\">\u00ceNC\u0102L\u021a\u0102MINTE POLONEZ\u0102 CU TRADI\u021aIE DE FAMILIE<\/h4>\n<p style=\"font-family: Open Sans; font-weight: 500; color: #a6a6a6; margin-bottom: 30px;\">Compania GALANT este o firm\u0103 polonez\u0103 care se m\u00e2ndre\u0219te cu faptul c\u0103 toate etapele de produc\u021bie a \u00eenc\u0103l\u021b\u0103mintei au loc \u00een Polonia. Suntem o afacere de familie pentru care satisfac\u021bia clien\u021bilor \u0219i \u00eembun\u0103t\u0103\u021birea continu\u0103 a produsului reprezint\u0103 valori fundamentale. Sper\u0103m c\u0103 informa\u021biile prezentate pe acest site v\u0103 vor \u00eencuraja s\u0103 descoperi\u021bi mai \u00eendeaproape oferta noastr\u0103. V\u0103 invit\u0103m cu drag!<\/p>\n<\/div>\n<\/div><\/div><\/div><\/div><\/div>[\/vc_column][vc_column width=&#8221;1\/2&#8243; css=&#8221;.vc_custom_1498069094146{padding: 0px !important;}&#8221;]<div class=\"shortcode_banner banner_with_img   wpb_animate_when_almost_visible wpb_slideInRight slideInRight\" style=\"animation-delay: 0s;\"><div class=\"shortcode_banner_inner hover-animation-true\"><div class=\"shortcode_banner_background_setting\" style=\"background-color:#fff; background-image: url(https:\/\/galant-obuwie.pl\/wp-content\/uploads\/2018\/03\/rzemie\u015blnik.jpg);\"><\/div><div class=\"shortcode_banner_inside\" style=\"height: 573px;\"><div class=\"shortcode_banner_inside_content\"><\/div><\/div><\/div><\/div>[\/vc_column][\/vc_row][vc_row wrap_container=&#8221;true&#8221; css=&#8221;.vc_custom_1498097781177{margin-top: 70px !important;margin-bottom: 70px !important;}&#8221;][vc_column width=&#8221;1\/4&#8243;]<div class=\"icon-box image-icon   wpb_animate_when_almost_visible wpb_fadeInLeft fadeInLeft\" style=\"animation-delay: 0s;\"><div class=\"icon-box-inner content-bottom-algin\" style=\"background-color: #ffffff; padding: 30px 10px;\"><div class=\"icon-wrapper\"><img src=\"https:\/\/galant-obuwie.pl\/wp-content\/uploads\/2018\/02\/icon-quality.png\" alt=\"Image Icon\"><\/div><div class=\"icon-box-content\">\n<h4 style=\"text-align: center; font-size: 16px; text-transform: uppercase; font-weight: 500; color: #222;\">\u00a0CALITATEA<\/h4>\n<p style=\"text-align: center; color: #888; font-size: 14px; font-family: 'Open Sans';\"><span style=\"font-weight: 400;\">Realiz\u0103m \u00eenc\u0103l\u021b\u0103mintea noastr\u0103 din piele \u0219i materiale de cea mai \u00eenalt\u0103 calitate, finisate conform celor mai moderne tehnologii de produc\u021bie. Alegerea atent\u0103 a calapoadelor asigur\u0103 o potrivire perfect\u0103 pentru orice tip de picior..<\/span><\/p>\n<\/div><\/div><\/div>[\/vc_column][vc_column width=&#8221;1\/4&#8243;]<div class=\"icon-box image-icon   wpb_animate_when_almost_visible wpb_fadeInLeft fadeInLeft\" style=\"animation-delay: 0s;\"><div class=\"icon-box-inner content-bottom-algin\" style=\"background-color: #ffffff; padding: 30px 10px;\"><div class=\"icon-wrapper\"><img src=\"https:\/\/galant-obuwie.pl\/wp-content\/uploads\/2018\/02\/icon-natural.png\" alt=\"Image Icon\"><\/div><div class=\"icon-box-content\">\n<h4 style=\"text-align: center; font-size: 16px; text-transform: uppercase; font-weight: 500; color: #222;\">\u00a0NATURAL<\/h4>\n<p style=\"text-align: center; color: #888; font-size: 14px; font-family: 'Open Sans';\"><span style=\"font-weight: 400;\">Datorit\u0103 utiliz\u0103rii materialelor naturale pentru interiorul pantofului, clien\u021bii se pot bucura de confortul unei \u00eenc\u0103l\u021b\u0103minte care \u201erespir\u0103\u201d cu adev\u0103rat.<\/span><\/p>\n<\/div><\/div><\/div>[\/vc_column][vc_column width=&#8221;1\/4&#8243;]<div class=\"icon-box image-icon   wpb_animate_when_almost_visible wpb_fadeInRight fadeInRight\" style=\"animation-delay: 0s;\"><div class=\"icon-box-inner content-bottom-algin\" style=\"background-color: #ffffff; padding: 30px 10px;\"><div class=\"icon-wrapper\"><img src=\"https:\/\/galant-obuwie.pl\/wp-content\/uploads\/2018\/02\/icon-relax.png\" alt=\"Image Icon\"><\/div><div class=\"icon-box-content\">\n<h4 style=\"text-align: center; font-size: 16px; text-transform: uppercase; font-weight: 500; color: #222;\">\u00a0SISTEM RELAX<\/h4>\n<p style=\"text-align: center; color: #888; font-size: 14px; font-family: 'Open Sans';\"><span style=\"font-weight: 400;\">Compania Galant, prin experien\u021ba acumulat\u0103 de-a lungul anilor, s-a specializat \u00een produc\u021bia de \u00eenc\u0103l\u021b\u0103minte cu Sistemul Relax unic, caracterizat prin l\u0103\u021bime m\u0103rit\u0103 de la G p\u00e2n\u0103 la H. Interiorul este realizat din piele natural\u0103 \u0219i dispune de bran\u021buri inovatoare \u0219i confortabile.<\/span><\/p>\n<\/div><\/div><\/div>[\/vc_column][vc_column width=&#8221;1\/4&#8243;]<div class=\"icon-box image-icon   wpb_animate_when_almost_visible wpb_fadeInRight fadeInRight\" style=\"animation-delay: 0s;\"><div class=\"icon-box-inner content-bottom-algin\" style=\"background-color: #ffffff; padding: 30px 10px;\"><div class=\"icon-wrapper\"><img src=\"https:\/\/galant-obuwie.pl\/wp-content\/uploads\/2018\/02\/icon-dostepnosc.png\" alt=\"Image Icon\"><\/div><div class=\"icon-box-content\">\n<h4 style=\"text-align: center; font-size: 16px; text-transform: uppercase; font-weight: 500; color: #222;\">\u00a0DISPONIBILITATE<\/h4>\n<p style=\"text-align: center; color: #888; font-size: 14px; font-family: 'Open Sans';\"><span style=\"font-weight: 400;\">\u00centreaga colec\u021bie poate fi vizionat\u0103 la sediul companiei GALANT, precum \u0219i la t\u00e2rgurile de profil din Polonia (Polshoes), Lituania, Belarus, Ucraina, Cehia, Ungaria \u0219i Bulgaria.<\/span><\/p>\n<\/div><\/div><\/div>[\/vc_column][\/vc_row][vc_row css_animation=&#8221;flipInX&#8221; wrap_container=&#8221;true&#8221; css=&#8221;.vc_custom_1498104065155{margin-top: 0px !important;padding-top: 100px !important;padding-bottom: 100px !important;background-color: #2b2c32 !important;}&#8221;][vc_column width=&#8221;1\/3&#8243;]<div class=\"counter-box text-center   wpb_animate_when_almost_visible wpb_fadeIn fadeIn\" style=\"animation-delay: 0s; color: #ffffff\"><span class=\"dispaly-counter\" data-value=\"321\" data-duration=\"3000\" data-delay=\"10\">321<\/span><span class=\"counter-text\">Modele de \u00eenc\u0103l\u021b\u0103minte<\/span><\/div>[\/vc_column][vc_column width=&#8221;1\/3&#8243;]<div class=\"counter-box text-center   wpb_animate_when_almost_visible wpb_fadeIn fadeIn\" style=\"animation-delay: 0s; color: #ffffff\"><span class=\"dispaly-counter\" data-value=\"100\" data-duration=\"3000\" data-delay=\"10\">100<\/span><span class=\"counter-text\">% Satisfac\u021bie<\/span><\/div>[\/vc_column][vc_column width=&#8221;1\/3&#8243;]<div class=\"counter-box text-center   wpb_animate_when_almost_visible wpb_fadeIn fadeIn\" style=\"animation-delay: 0s; color: #ffffff\"><span class=\"dispaly-counter\" data-value=\"6541\" data-duration=\"3000\" data-delay=\"10\">6541<\/span><span class=\"counter-text\">Ore de produc\u021bie<\/span><\/div>[\/vc_column][\/vc_row][vc_row disable_element=&#8221;yes&#8221;][vc_column css=&#8221;.vc_custom_1498098946806{padding: 0px !important;}&#8221;]<div class=\"image-slickslider   wpb_animate_when_almost_visible wpb_bounceInRight bounceInRight\" style=\"animation-delay: 0.3s;\"><div class=\"slider-inside\" data-view=\"4\" data-scroll=\"1\" data-speed=\"4000\" data-auto=\"true\" data-dots=\"true\" data-nav=\"true\" data-loop=\"false\"><div class=\"image-slider-item\"><img src=\"https:\/\/galant-obuwie.pl\/wp-content\/uploads\/2018\/02\/03.jpg\" alt=\"Carousel Image\"><\/div><div class=\"image-slider-item\"><img src=\"https:\/\/galant-obuwie.pl\/wp-content\/uploads\/2018\/02\/05.jpg\" alt=\"Carousel Image\"><\/div><div class=\"image-slider-item\"><img src=\"https:\/\/galant-obuwie.pl\/wp-content\/uploads\/2018\/02\/08.jpg\" alt=\"Carousel Image\"><\/div><div class=\"image-slider-item\"><img src=\"https:\/\/galant-obuwie.pl\/wp-content\/uploads\/2018\/02\/15.jpg\" alt=\"Carousel Image\"><\/div><div class=\"image-slider-item\"><img src=\"https:\/\/galant-obuwie.pl\/wp-content\/uploads\/2018\/02\/12.jpg\" alt=\"Carousel Image\"><\/div><div class=\"image-slider-item\"><img src=\"https:\/\/galant-obuwie.pl\/wp-content\/uploads\/2018\/02\/02.jpg\" alt=\"Carousel Image\"><\/div><div class=\"image-slider-item\"><img src=\"https:\/\/galant-obuwie.pl\/wp-content\/uploads\/2018\/02\/01.jpg\" alt=\"Carousel Image\"><\/div><div class=\"image-slider-item\"><img src=\"https:\/\/galant-obuwie.pl\/wp-content\/uploads\/2018\/03\/01-2.jpg\" alt=\"Carousel Image\"><\/div><div class=\"image-slider-item\"><img src=\"https:\/\/galant-obuwie.pl\/wp-content\/uploads\/2018\/03\/02-2.jpg\" alt=\"Carousel Image\"><\/div><div class=\"image-slider-item\"><img src=\"https:\/\/galant-obuwie.pl\/wp-content\/uploads\/2018\/03\/03-2.jpg\" alt=\"Carousel Image\"><\/div><div class=\"image-slider-item\"><img src=\"https:\/\/galant-obuwie.pl\/wp-content\/uploads\/2018\/03\/05-2.jpg\" alt=\"Carousel Image\"><\/div><div class=\"image-slider-item\"><img src=\"https:\/\/galant-obuwie.pl\/wp-content\/uploads\/2018\/03\/06-2.jpg\" alt=\"Carousel Image\"><\/div><\/div><\/div>[\/vc_column][\/vc_row][vc_row][vc_column css=&#8221;.vc_custom_1498098946806{padding: 0px !important;}&#8221;]<div class=\"image-slickslider   wpb_animate_when_almost_visible wpb_bounceInRight bounceInRight\" style=\"animation-delay: 0.3s;\"><div class=\"slider-inside\" data-view=\"4\" data-scroll=\"1\" data-speed=\"4000\" data-auto=\"true\" data-dots=\"true\" data-nav=\"true\" data-loop=\"false\"><div class=\"image-slider-item\"><img src=\"https:\/\/galant-obuwie.pl\/wp-content\/uploads\/2021\/07\/12.jpg\" alt=\"Carousel Image\"><\/div><div class=\"image-slider-item\"><img src=\"https:\/\/galant-obuwie.pl\/wp-content\/uploads\/2021\/07\/01.jpg\" alt=\"Carousel Image\"><\/div><div class=\"image-slider-item\"><img src=\"https:\/\/galant-obuwie.pl\/wp-content\/uploads\/2021\/07\/02.jpg\" alt=\"Carousel Image\"><\/div><div class=\"image-slider-item\"><img src=\"https:\/\/galant-obuwie.pl\/wp-content\/uploads\/2021\/07\/03.jpg\" alt=\"Carousel Image\"><\/div><div class=\"image-slider-item\"><img src=\"https:\/\/galant-obuwie.pl\/wp-content\/uploads\/2021\/07\/05.jpg\" alt=\"Carousel Image\"><\/div><div class=\"image-slider-item\"><img src=\"https:\/\/galant-obuwie.pl\/wp-content\/uploads\/2021\/07\/06.jpg\" alt=\"Carousel Image\"><\/div><div class=\"image-slider-item\"><img src=\"https:\/\/galant-obuwie.pl\/wp-content\/uploads\/2021\/07\/08.jpg\" alt=\"Carousel Image\"><\/div><div class=\"image-slider-item\"><img src=\"https:\/\/galant-obuwie.pl\/wp-content\/uploads\/2021\/07\/09.jpg\" alt=\"Carousel Image\"><\/div><div class=\"image-slider-item\"><img src=\"https:\/\/galant-obuwie.pl\/wp-content\/uploads\/2021\/07\/10.jpg\" alt=\"Carousel Image\"><\/div><\/div><\/div>[\/vc_column][\/vc_row][vc_row css_animation=&#8221;fadeInUp&#8221; wrap_container=&#8221;true&#8221; css=&#8221;.vc_custom_1519223821512{background-color: #d80000 !important;}&#8221;][vc_column][vc_column_text css=&#8221;.vc_custom_1753802098410{margin-bottom: 0px !important;padding-top: 80px !important;padding-bottom: 80px !important;}&#8221;]\n<p style=\"text-align: center; color: #fff; font-size: 24px; font-weight: 500; margin: 0;\">Dac\u0103 sunte\u021bi interesat de oferta noastr\u0103, v\u0103 rug\u0103m s\u0103 ne contacta\u021bi \u2013 <a style=\"color: #fff; font-weight: 600; text-decoration: underline;\" href=\"\/kontakt\">CONTACT<\/a><\/p>\n[\/vc_column_text][\/vc_column][\/vc_row]\n","protected":false},"excerpt":{"rendered":"<p>[vc_row el_id=&#8221;slider-o-firmie&#8221;][vc_column][vc_column_text][\/vc_column_text][\/vc_column][\/vc_row][vc_row][vc_column width=&#8221;1\/2&#8243; css=&#8221;.vc_custom_1498069082975{padding: 0px !important;}&#8221;][\/vc_column][vc_column width=&#8221;1\/2&#8243; css=&#8221;.vc_custom_1498069094146{padding: 0px !important;}&#8221;][\/vc_column][\/vc_row][vc_row wrap_container=&#8221;true&#8221; css=&#8221;.vc_custom_1498097781177{margin-top: 70px !important;margin-bottom: 70px !important;}&#8221;][vc_column width=&#8221;1\/4&#8243;][\/vc_column][vc_column width=&#8221;1\/4&#8243;][\/vc_column][vc_column width=&#8221;1\/4&#8243;][\/vc_column][vc_column width=&#8221;1\/4&#8243;][\/vc_column][\/vc_row][vc_row css_animation=&#8221;flipInX&#8221; wrap_container=&#8221;true&#8221; css=&#8221;.vc_custom_1498104065155{margin-top: 0px !important;padding-top: 100px !important;padding-bottom: 100px !important;background-color: #2b2c32 !important;}&#8221;][vc_column width=&#8221;1\/3&#8243;][\/vc_column][vc_column width=&#8221;1\/3&#8243;][\/vc_column][vc_column width=&#8221;1\/3&#8243;][\/vc_column][\/vc_row][vc_row disable_element=&#8221;yes&#8221;][vc_column css=&#8221;.vc_custom_1498098946806{padding: 0px !important;}&#8221;][\/vc_column][\/vc_row][vc_row][vc_column css=&#8221;.vc_custom_1498098946806{padding: 0px !important;}&#8221;][\/vc_column][\/vc_row][vc_row css_animation=&#8221;fadeInUp&#8221; wrap_container=&#8221;true&#8221; css=&#8221;.vc_custom_1519223821512{background-color: #d80000 !important;}&#8221;][vc_column][vc_column_text css=&#8221;.vc_custom_1753802098410{margin-bottom: 0px !important;padding-top: 80px !important;padding-bottom: 80px !important;}&#8221;] Dac\u0103 sunte\u021bi [&hellip;]<\/p>\n","protected":false},"author":7,"featured_media":0,"parent":0,"menu_order":0,"comment_status":"closed","ping_status":"closed","template":"","meta":[],"yoast_head":"<!-- This site is optimized with the Yoast SEO plugin v15.7 - https:\/\/yoast.com\/wordpress\/plugins\/seo\/ -->\n<title>Compania - Galant polski producent obuwia<\/title>\n<meta name=\"robots\" content=\"index, follow, max-snippet:-1, max-image-preview:large, max-video-preview:-1\" \/>\n<link rel=\"canonical\" href=\"https:\/\/galant-obuwie.pl\/ro\/compania\/\" \/>\n<meta property=\"og:locale\" content=\"ro_RO\" \/>\n<meta property=\"og:type\" content=\"article\" \/>\n<meta property=\"og:title\" content=\"Compania - Galant polski producent obuwia\" \/>\n<meta property=\"og:description\" content=\"[vc_row el_id=&#8221;slider-o-firmie&#8221;][vc_column][vc_column_text][\/vc_column_text][\/vc_column][\/vc_row][vc_row][vc_column width=&#8221;1\/2&#8243; css=&#8221;.vc_custom_1498069082975{padding: 0px !important;}&#8221;][\/vc_column][vc_column width=&#8221;1\/2&#8243; css=&#8221;.vc_custom_1498069094146{padding: 0px !important;}&#8221;][\/vc_column][\/vc_row][vc_row wrap_container=&#8221;true&#8221; css=&#8221;.vc_custom_1498097781177{margin-top: 70px !important;margin-bottom: 70px !important;}&#8221;][vc_column width=&#8221;1\/4&#8243;][\/vc_column][vc_column width=&#8221;1\/4&#8243;][\/vc_column][vc_column width=&#8221;1\/4&#8243;][\/vc_column][vc_column width=&#8221;1\/4&#8243;][\/vc_column][\/vc_row][vc_row css_animation=&#8221;flipInX&#8221; wrap_container=&#8221;true&#8221; css=&#8221;.vc_custom_1498104065155{margin-top: 0px !important;padding-top: 100px !important;padding-bottom: 100px !important;background-color: #2b2c32 !important;}&#8221;][vc_column width=&#8221;1\/3&#8243;][\/vc_column][vc_column width=&#8221;1\/3&#8243;][\/vc_column][vc_column width=&#8221;1\/3&#8243;][\/vc_column][\/vc_row][vc_row disable_element=&#8221;yes&#8221;][vc_column css=&#8221;.vc_custom_1498098946806{padding: 0px !important;}&#8221;][\/vc_column][\/vc_row][vc_row][vc_column css=&#8221;.vc_custom_1498098946806{padding: 0px !important;}&#8221;][\/vc_column][\/vc_row][vc_row css_animation=&#8221;fadeInUp&#8221; wrap_container=&#8221;true&#8221; css=&#8221;.vc_custom_1519223821512{background-color: #d80000 !important;}&#8221;][vc_column][vc_column_text css=&#8221;.vc_custom_1753802098410{margin-bottom: 0px !important;padding-top: 80px !important;padding-bottom: 80px !important;}&#8221;] Dac\u0103 sunte\u021bi [&hellip;]\" \/>\n<meta property=\"og:url\" content=\"https:\/\/galant-obuwie.pl\/ro\/compania\/\" \/>\n<meta property=\"og:site_name\" content=\"Galant polski producent obuwia\" \/>\n<meta property=\"article:modified_time\" content=\"2025-07-30T07:04:37+00:00\" \/>\n<meta name=\"twitter:card\" content=\"summary_large_image\" \/>\n<meta name=\"twitter:label1\" content=\"Timp estimat pentru citire\">\n\t<meta name=\"twitter:data1\" content=\"2 minute\">\n<script type=\"application\/ld+json\" class=\"yoast-schema-graph\">{\"@context\":\"https:\/\/schema.org\",\"@graph\":[{\"@type\":\"WebSite\",\"@id\":\"https:\/\/galant-obuwie.pl\/#website\",\"url\":\"https:\/\/galant-obuwie.pl\/\",\"name\":\"Galant polski producent obuwia\",\"description\":\"\",\"potentialAction\":[{\"@type\":\"SearchAction\",\"target\":\"https:\/\/galant-obuwie.pl\/?s={search_term_string}\",\"query-input\":\"required name=search_term_string\"}],\"inLanguage\":\"ro-RO\"},{\"@type\":\"WebPage\",\"@id\":\"https:\/\/galant-obuwie.pl\/ro\/compania\/#webpage\",\"url\":\"https:\/\/galant-obuwie.pl\/ro\/compania\/\",\"name\":\"Compania - Galant polski producent obuwia\",\"isPartOf\":{\"@id\":\"https:\/\/galant-obuwie.pl\/#website\"},\"datePublished\":\"2025-07-30T07:03:01+00:00\",\"dateModified\":\"2025-07-30T07:04:37+00:00\",\"inLanguage\":\"ro-RO\",\"potentialAction\":[{\"@type\":\"ReadAction\",\"target\":[\"https:\/\/galant-obuwie.pl\/ro\/compania\/\"]}]}]}<\/script>\n<!-- \/ Yoast SEO plugin. -->","_links":{"self":[{"href":"https:\/\/galant-obuwie.pl\/ro\/wp-json\/wp\/v2\/pages\/2767"}],"collection":[{"href":"https:\/\/galant-obuwie.pl\/ro\/wp-json\/wp\/v2\/pages"}],"about":[{"href":"https:\/\/galant-obuwie.pl\/ro\/wp-json\/wp\/v2\/types\/page"}],"author":[{"embeddable":true,"href":"https:\/\/galant-obuwie.pl\/ro\/wp-json\/wp\/v2\/users\/7"}],"replies":[{"embeddable":true,"href":"https:\/\/galant-obuwie.pl\/ro\/wp-json\/wp\/v2\/comments?post=2767"}],"version-history":[{"count":1,"href":"https:\/\/galant-obuwie.pl\/ro\/wp-json\/wp\/v2\/pages\/2767\/revisions"}],"predecessor-version":[{"id":2769,"href":"https:\/\/galant-obuwie.pl\/ro\/wp-json\/wp\/v2\/pages\/2767\/revisions\/2769"}],"wp:attachment":[{"href":"https:\/\/galant-obuwie.pl\/ro\/wp-json\/wp\/v2\/media?parent=2767"}],"curies":[{"name":"wp","href":"https:\/\/api.w.org\/{rel}","templated":true}]}}