{"id":2779,"date":"2018-02-13T14:11:54","date_gmt":"2018-02-13T13:11:54","guid":{"rendered":"https:\/\/galant-obuwie.pl\/wspolpraca\/"},"modified":"2025-07-30T09:07:38","modified_gmt":"2025-07-30T07:07:38","slug":"colaborare","status":"publish","type":"page","link":"https:\/\/galant-obuwie.pl\/ro\/colaborare\/","title":{"rendered":"Colaborare"},"content":{"rendered":"[vc_row][vc_column el_class=&#8221;max1400&#8243;][vc_column_text]\n<p style=\"text-align: center;\"><span style=\"font-weight: 400;\">De aproape 30 de ani ne dezvolt\u0103m dinamic v\u00e2nz\u0103rile pe pia\u021ba european\u0103, \u00een special pe pia\u021ba polonez\u0103. Produsele noastre sunt realizate cu aten\u021bie, folosind cele mai noi tehnologii de fabrica\u021bie. V\u0103 invit\u0103m cu c\u0103ldur\u0103 s\u0103 ini\u021bia\u021bi o colaborare pe principii de parteneriat.<\/span><\/p>\n[\/vc_column_text][vc_empty_space][\/vc_column][\/vc_row][vc_row][vc_column width=&#8221;1\/2&#8243;][vc_single_image image=&#8221;2088&#8243; img_size=&#8221;large&#8221; alignment=&#8221;center&#8221;][\/vc_column][vc_column width=&#8221;1\/2&#8243;]<div role=\"form\" class=\"wpcf7\" id=\"wpcf7-f1884-o1\" lang=\"en-US\" dir=\"ltr\">\n<div class=\"screen-reader-response\"><p role=\"status\" aria-live=\"polite\" aria-atomic=\"true\"><\/p> <ul><\/ul><\/div>\n<form action=\"\/ro\/wp-json\/wp\/v2\/pages\/2779#wpcf7-f1884-o1\" method=\"post\" class=\"wpcf7-form init\" novalidate=\"novalidate\" data-status=\"init\">\n<div style=\"display: none;\">\n<input type=\"hidden\" name=\"_wpcf7\" value=\"1884\" \/>\n<input type=\"hidden\" name=\"_wpcf7_version\" value=\"5.3.2\" \/>\n<input type=\"hidden\" name=\"_wpcf7_locale\" value=\"en_US\" \/>\n<input type=\"hidden\" name=\"_wpcf7_unit_tag\" value=\"wpcf7-f1884-o1\" \/>\n<input type=\"hidden\" name=\"_wpcf7_container_post\" value=\"0\" \/>\n<input type=\"hidden\" name=\"_wpcf7_posted_data_hash\" value=\"\" \/>\n<\/div>\n<p><label> Nume \u0219i prenume*<br \/>\n    <span class=\"wpcf7-form-control-wrap your-name\"><input type=\"text\" name=\"your-name\" value=\"\" size=\"40\" class=\"wpcf7-form-control wpcf7-text wpcf7-validates-as-required\" aria-required=\"true\" aria-invalid=\"false\" \/><\/span> <\/label><\/p>\n<p><label> Adres\u0103 de email*<br \/>\n    <span class=\"wpcf7-form-control-wrap your-email\"><input type=\"email\" name=\"your-email\" value=\"\" size=\"40\" class=\"wpcf7-form-control wpcf7-text wpcf7-email wpcf7-validates-as-required wpcf7-validates-as-email\" aria-required=\"true\" aria-invalid=\"false\" \/><\/span> <\/label><\/p>\n<p><label> Telefon<br \/>\n    <span class=\"wpcf7-form-control-wrap tel-891\"><input type=\"tel\" name=\"tel-891\" value=\"\" size=\"40\" class=\"wpcf7-form-control wpcf7-text wpcf7-tel wpcf7-validates-as-tel\" aria-invalid=\"false\" \/><\/span> <\/label><\/p>\n<p><label> Con\u021binutul mesajului<br \/>\n    <span class=\"wpcf7-form-control-wrap your-message\"><textarea name=\"your-message\" cols=\"40\" rows=\"10\" class=\"wpcf7-form-control wpcf7-textarea\" aria-invalid=\"false\"><\/textarea><\/span> <\/label><\/p>\n<p><input type=\"submit\" value=\"TRIMITE\" class=\"wpcf7-form-control wpcf7-submit bigcart-bob contact-form-control-submit\" \/><\/p>\n<div class=\"wpcf7-response-output\" aria-hidden=\"true\"><\/div><\/form><\/div>[\/vc_column][\/vc_row][vc_row][vc_column][vc_empty_space][\/vc_column][\/vc_row]\n","protected":false},"excerpt":{"rendered":"<p>[vc_row][vc_column el_class=&#8221;max1400&#8243;][vc_column_text] De aproape 30 de ani ne dezvolt\u0103m dinamic v\u00e2nz\u0103rile pe pia\u021ba european\u0103, \u00een special pe pia\u021ba polonez\u0103. Produsele noastre sunt realizate cu aten\u021bie, folosind cele mai noi tehnologii de fabrica\u021bie. V\u0103 invit\u0103m cu c\u0103ldur\u0103 s\u0103 ini\u021bia\u021bi o colaborare pe principii de parteneriat. [\/vc_column_text][vc_empty_space][\/vc_column][\/vc_row][vc_row][vc_column width=&#8221;1\/2&#8243;][vc_single_image image=&#8221;2088&#8243; img_size=&#8221;large&#8221; alignment=&#8221;center&#8221;][\/vc_column][vc_column width=&#8221;1\/2&#8243;][\/vc_column][\/vc_row][vc_row][vc_column][vc_empty_space][\/vc_column][\/vc_row]<\/p>\n","protected":false},"author":7,"featured_media":0,"parent":0,"menu_order":0,"comment_status":"closed","ping_status":"closed","template":"","meta":[],"yoast_head":"<!-- This site is optimized with the Yoast SEO plugin v15.7 - https:\/\/yoast.com\/wordpress\/plugins\/seo\/ -->\n<title>Obuwie dla kobiet - PODEJMIJ WSP\u00d3\u0141PRAC\u0118 - GALANT<\/title>\n<meta name=\"description\" content=\"Obuwie dla kobiet \ud83c\udf1f Poznaj szeroki asortyment but\u00f3w prosto od producenta - GALANT. Znany na polskim jak i zagranicznym rynku z wysokiej jako\u015bci u\u017cytych materia\u0142\u00f3w, najnowszych fason\u00f3w i wzor\u00f3w zyskuje coraz to wi\u0119ksz\u0105 rzesz\u0119 klient\u00f3w. W ofercie znajdziesz \u2733\ufe0f botki damskie \u2733\ufe0f szpilki \u2733\ufe0f obuwie sportowe \u2733\ufe0f sanda\u0142y.\" \/>\n<meta name=\"robots\" content=\"index, follow, max-snippet:-1, max-image-preview:large, max-video-preview:-1\" \/>\n<link rel=\"canonical\" href=\"https:\/\/galant-obuwie.pl\/ro\/colaborare\/\" \/>\n<meta property=\"og:locale\" content=\"ro_RO\" \/>\n<meta property=\"og:type\" content=\"article\" \/>\n<meta property=\"og:title\" content=\"Obuwie dla kobiet - PODEJMIJ WSP\u00d3\u0141PRAC\u0118 - GALANT\" \/>\n<meta property=\"og:description\" content=\"Obuwie dla kobiet \ud83c\udf1f Poznaj szeroki asortyment but\u00f3w prosto od producenta - GALANT. Znany na polskim jak i zagranicznym rynku z wysokiej jako\u015bci u\u017cytych materia\u0142\u00f3w, najnowszych fason\u00f3w i wzor\u00f3w zyskuje coraz to wi\u0119ksz\u0105 rzesz\u0119 klient\u00f3w. W ofercie znajdziesz \u2733\ufe0f botki damskie \u2733\ufe0f szpilki \u2733\ufe0f obuwie sportowe \u2733\ufe0f sanda\u0142y.\" \/>\n<meta property=\"og:url\" content=\"https:\/\/galant-obuwie.pl\/ro\/colaborare\/\" \/>\n<meta property=\"og:site_name\" content=\"Galant polski producent obuwia\" \/>\n<meta property=\"article:modified_time\" content=\"2025-07-30T07:07:38+00:00\" \/>\n<meta name=\"twitter:card\" content=\"summary_large_image\" \/>\n<meta name=\"twitter:label1\" content=\"Timp estimat pentru citire\">\n\t<meta name=\"twitter:data1\" content=\"1 minut\">\n<script type=\"application\/ld+json\" class=\"yoast-schema-graph\">{\"@context\":\"https:\/\/schema.org\",\"@graph\":[{\"@type\":\"WebSite\",\"@id\":\"https:\/\/galant-obuwie.pl\/#website\",\"url\":\"https:\/\/galant-obuwie.pl\/\",\"name\":\"Galant polski producent obuwia\",\"description\":\"\",\"potentialAction\":[{\"@type\":\"SearchAction\",\"target\":\"https:\/\/galant-obuwie.pl\/?s={search_term_string}\",\"query-input\":\"required name=search_term_string\"}],\"inLanguage\":\"ro-RO\"},{\"@type\":\"WebPage\",\"@id\":\"https:\/\/galant-obuwie.pl\/ro\/colaborare\/#webpage\",\"url\":\"https:\/\/galant-obuwie.pl\/ro\/colaborare\/\",\"name\":\"Obuwie dla kobiet - PODEJMIJ WSP\\u00d3\\u0141PRAC\\u0118 - GALANT\",\"isPartOf\":{\"@id\":\"https:\/\/galant-obuwie.pl\/#website\"},\"datePublished\":\"2018-02-13T13:11:54+00:00\",\"dateModified\":\"2025-07-30T07:07:38+00:00\",\"description\":\"Obuwie dla kobiet \\ud83c\\udf1f Poznaj szeroki asortyment but\\u00f3w prosto od producenta - GALANT. Znany na polskim jak i zagranicznym rynku z wysokiej jako\\u015bci u\\u017cytych materia\\u0142\\u00f3w, najnowszych fason\\u00f3w i wzor\\u00f3w zyskuje coraz to wi\\u0119ksz\\u0105 rzesz\\u0119 klient\\u00f3w. W ofercie znajdziesz \\u2733\\ufe0f botki damskie \\u2733\\ufe0f szpilki \\u2733\\ufe0f obuwie sportowe \\u2733\\ufe0f sanda\\u0142y.\",\"inLanguage\":\"ro-RO\",\"potentialAction\":[{\"@type\":\"ReadAction\",\"target\":[\"https:\/\/galant-obuwie.pl\/ro\/colaborare\/\"]}]}]}<\/script>\n<!-- \/ Yoast SEO plugin. -->","_links":{"self":[{"href":"https:\/\/galant-obuwie.pl\/ro\/wp-json\/wp\/v2\/pages\/2779"}],"collection":[{"href":"https:\/\/galant-obuwie.pl\/ro\/wp-json\/wp\/v2\/pages"}],"about":[{"href":"https:\/\/galant-obuwie.pl\/ro\/wp-json\/wp\/v2\/types\/page"}],"author":[{"embeddable":true,"href":"https:\/\/galant-obuwie.pl\/ro\/wp-json\/wp\/v2\/users\/7"}],"replies":[{"embeddable":true,"href":"https:\/\/galant-obuwie.pl\/ro\/wp-json\/wp\/v2\/comments?post=2779"}],"version-history":[{"count":2,"href":"https:\/\/galant-obuwie.pl\/ro\/wp-json\/wp\/v2\/pages\/2779\/revisions"}],"predecessor-version":[{"id":2784,"href":"https:\/\/galant-obuwie.pl\/ro\/wp-json\/wp\/v2\/pages\/2779\/revisions\/2784"}],"wp:attachment":[{"href":"https:\/\/galant-obuwie.pl\/ro\/wp-json\/wp\/v2\/media?parent=2779"}],"curies":[{"name":"wp","href":"https:\/\/api.w.org\/{rel}","templated":true}]}}