{"id":2785,"date":"2025-07-30T09:12:51","date_gmt":"2025-07-30T07:12:51","guid":{"rendered":"https:\/\/galant-obuwie.pl\/?page_id=2785"},"modified":"2025-07-30T09:12:51","modified_gmt":"2025-07-30T07:12:51","slug":"sistem-relax","status":"publish","type":"page","link":"https:\/\/galant-obuwie.pl\/ro\/sistem-relax\/","title":{"rendered":"Sistem Relax"},"content":{"rendered":"[vc_row el_class=&#8221;max1400&#8243;][vc_column][vc_column_text css_animation=&#8221;fadeInUp&#8221;]\n<p style=\"text-align: justify;\"><span style=\"font-weight: 400;\">Compania Galant, urm\u00e2nd tendin\u021bele globale care subliniaz\u0103 c\u0103 \u00eenc\u0103l\u021b\u0103mintea trebuie s\u0103 fie nu doar estetic\u0103, ci mai ales confortabil\u0103, a creat un sistem unic \u2013 Sistemul Relax. Experien\u021ba noastr\u0103 de mul\u021bi ani, combinat\u0103 cu tradi\u021bia de familie \u0219i tehnologia secolului XXI, ne permite s\u0103 producem \u00eenc\u0103l\u021b\u0103minte de cea mai \u00eenalt\u0103 calitate. Sistemul Relax a fost conceput pentru femeile exigente, care apreciaz\u0103 nu doar aspectul, ci mai ales confortul pantofului. \u00cenc\u0103l\u021b\u0103mintea flexibil\u0103 \u0219i aten\u021bia la cele mai mici detalii de finisare fac ca purtarea pantofilor no\u0219tri s\u0103 fie o pl\u0103cere \u0219i, mai presus de toate, benefic\u0103 pentru s\u0103n\u0103tatea picioarelor \u0219i a \u00eentregului organism. Piele 100% natural\u0103, talp\u0103 flexibil\u0103, bran\u021b super moale, profilat dup\u0103 forma piciorului, c\u0103lc\u00e2i flexibil (la anumite modele) \u0219i fe\u021be cu l\u0103\u021bime G. Exist\u0103 \u0219i multe alte detalii pe care nu le putem dezv\u0103lui, dar care, \u00eempreun\u0103, ne ofer\u0103 garan\u021bia unei munci bine f\u0103cute, apreciat\u0103 de clientele noastre. Din 2020, linia a fost extins\u0103 \u0219i cu \u00eenc\u0103l\u021b\u0103minte pentru b\u0103rba\u021bi.<\/span><\/p>\n[\/vc_column_text][vc_column_text css_animation=&#8221;fadeInUp&#8221; el_class=&#8221;video_box&#8221;]<video poster=\"\/wp-content\/uploads\/2021\/07\/poster_relax.jpg\" controls=\"controls\" width=\"600\" height=\"400\" data-mce-fragment=\"1\"><source src=\"\/wp-content\/uploads\/2021\/07\/relax-final.mp4\" type=\"video\/mp4\" \/>Twoja przegl\u0105darka nie wspiera tego typu video.<\/video>[\/vc_column_text][vc_empty_space][\/vc_column][\/vc_row][vc_row wrap_container=&#8221;true&#8221; css=&#8221;.vc_custom_1519387496004{padding-right: 5% !important;padding-left: 5% !important;}&#8221; el_class=&#8221;max1400&#8243;][vc_column width=&#8221;1\/4&#8243;][vc_single_image image=&#8221;1935&#8243; img_size=&#8221;380&#215;290&#8243; alignment=&#8221;center&#8221; style=&#8221;vc_box_circle_2&#8243; css_animation=&#8221;fadeInUp&#8221; title=&#8221;Sistem Relax&#8221;][\/vc_column][vc_column width=&#8221;1\/4&#8243;][vc_single_image image=&#8221;1933&#8243; img_size=&#8221;400&#215;300&#8243; alignment=&#8221;center&#8221; style=&#8221;vc_box_circle_2&#8243; css_animation=&#8221;fadeInUp&#8221; title=&#8221;Full Flex&#8221;][\/vc_column][vc_column width=&#8221;1\/4&#8243;][vc_single_image image=&#8221;1933&#8243; img_size=&#8221;400&#215;300&#8243; alignment=&#8221;center&#8221; style=&#8221;vc_box_circle_2&#8243; css_animation=&#8221;fadeInUp&#8221; title=&#8221;Flexibilitate&#8221;][\/vc_column][vc_column width=&#8221;1\/4&#8243;][vc_single_image image=&#8221;2015&#8243; img_size=&#8221;400&#215;300&#8243; alignment=&#8221;center&#8221; style=&#8221;vc_box_circle_2&#8243; css_animation=&#8221;fadeInUp&#8221; title=&#8221;Fa\u021b\u0103 XL&#8221;][\/vc_column][\/vc_row][vc_row wrap_container=&#8221;true&#8221; css=&#8221;.vc_custom_1519387500795{padding-right: 5% !important;padding-left: 5% !important;}&#8221; el_class=&#8221;max1400&#8243;][vc_column width=&#8221;1\/4&#8243;][\/vc_column][vc_column width=&#8221;1\/4&#8243;][vc_single_image image=&#8221;1934&#8243; img_size=&#8221;400&#215;300&#8243; alignment=&#8221;center&#8221; style=&#8221;vc_box_circle_2&#8243; css_animation=&#8221;fadeInUp&#8221; title=&#8221;Confort&#8221;][\/vc_column][vc_column width=&#8221;1\/4&#8243;][vc_single_image image=&#8221;2294&#8243; img_size=&#8221;400&#215;300&#8243; alignment=&#8221;center&#8221; style=&#8221;vc_box_circle_2&#8243; css_animation=&#8221;fadeInUp&#8221; title=&#8221;Marc\u0103 vizibil\u0103&#8221; el_class=&#8221;h2-last&#8221;][\/vc_column][vc_column width=&#8221;1\/4&#8243;][\/vc_column][\/vc_row][vc_row][vc_column][vc_empty_space height=&#8221;150px&#8221;][\/vc_column][\/vc_row]\n","protected":false},"excerpt":{"rendered":"<p>[vc_row el_class=&#8221;max1400&#8243;][vc_column][vc_column_text css_animation=&#8221;fadeInUp&#8221;] Compania Galant, urm\u00e2nd tendin\u021bele globale care subliniaz\u0103 c\u0103 \u00eenc\u0103l\u021b\u0103mintea trebuie s\u0103 fie nu doar estetic\u0103, ci mai ales confortabil\u0103, a creat un sistem unic \u2013 Sistemul Relax. Experien\u021ba noastr\u0103 de mul\u021bi ani, combinat\u0103 cu tradi\u021bia de familie \u0219i tehnologia secolului XXI, ne permite s\u0103 producem \u00eenc\u0103l\u021b\u0103minte de cea mai \u00eenalt\u0103 calitate. Sistemul [&hellip;]<\/p>\n","protected":false},"author":7,"featured_media":0,"parent":0,"menu_order":0,"comment_status":"closed","ping_status":"closed","template":"","meta":[],"yoast_head":"<!-- This site is optimized with the Yoast SEO plugin v15.7 - https:\/\/yoast.com\/wordpress\/plugins\/seo\/ -->\n<title>Sistem Relax - Galant polski producent obuwia<\/title>\n<meta name=\"robots\" content=\"index, follow, max-snippet:-1, max-image-preview:large, max-video-preview:-1\" \/>\n<link rel=\"canonical\" href=\"https:\/\/galant-obuwie.pl\/ro\/sistem-relax\/\" \/>\n<meta property=\"og:locale\" content=\"ro_RO\" \/>\n<meta property=\"og:type\" content=\"article\" \/>\n<meta property=\"og:title\" content=\"Sistem Relax - Galant polski producent obuwia\" \/>\n<meta property=\"og:description\" content=\"[vc_row el_class=&#8221;max1400&#8243;][vc_column][vc_column_text css_animation=&#8221;fadeInUp&#8221;] Compania Galant, urm\u00e2nd tendin\u021bele globale care subliniaz\u0103 c\u0103 \u00eenc\u0103l\u021b\u0103mintea trebuie s\u0103 fie nu doar estetic\u0103, ci mai ales confortabil\u0103, a creat un sistem unic \u2013 Sistemul Relax. Experien\u021ba noastr\u0103 de mul\u021bi ani, combinat\u0103 cu tradi\u021bia de familie \u0219i tehnologia secolului XXI, ne permite s\u0103 producem \u00eenc\u0103l\u021b\u0103minte de cea mai \u00eenalt\u0103 calitate. Sistemul [&hellip;]\" \/>\n<meta property=\"og:url\" content=\"https:\/\/galant-obuwie.pl\/ro\/sistem-relax\/\" \/>\n<meta property=\"og:site_name\" content=\"Galant polski producent obuwia\" \/>\n<meta name=\"twitter:card\" content=\"summary_large_image\" \/>\n<meta name=\"twitter:label1\" content=\"Timp estimat pentru citire\">\n\t<meta name=\"twitter:data1\" content=\"2 minute\">\n<script type=\"application\/ld+json\" class=\"yoast-schema-graph\">{\"@context\":\"https:\/\/schema.org\",\"@graph\":[{\"@type\":\"WebSite\",\"@id\":\"https:\/\/galant-obuwie.pl\/#website\",\"url\":\"https:\/\/galant-obuwie.pl\/\",\"name\":\"Galant polski producent obuwia\",\"description\":\"\",\"potentialAction\":[{\"@type\":\"SearchAction\",\"target\":\"https:\/\/galant-obuwie.pl\/?s={search_term_string}\",\"query-input\":\"required name=search_term_string\"}],\"inLanguage\":\"ro-RO\"},{\"@type\":\"WebPage\",\"@id\":\"https:\/\/galant-obuwie.pl\/ro\/sistem-relax\/#webpage\",\"url\":\"https:\/\/galant-obuwie.pl\/ro\/sistem-relax\/\",\"name\":\"Sistem Relax - Galant polski producent obuwia\",\"isPartOf\":{\"@id\":\"https:\/\/galant-obuwie.pl\/#website\"},\"datePublished\":\"2025-07-30T07:12:51+00:00\",\"dateModified\":\"2025-07-30T07:12:51+00:00\",\"inLanguage\":\"ro-RO\",\"potentialAction\":[{\"@type\":\"ReadAction\",\"target\":[\"https:\/\/galant-obuwie.pl\/ro\/sistem-relax\/\"]}]}]}<\/script>\n<!-- \/ Yoast SEO plugin. -->","_links":{"self":[{"href":"https:\/\/galant-obuwie.pl\/ro\/wp-json\/wp\/v2\/pages\/2785"}],"collection":[{"href":"https:\/\/galant-obuwie.pl\/ro\/wp-json\/wp\/v2\/pages"}],"about":[{"href":"https:\/\/galant-obuwie.pl\/ro\/wp-json\/wp\/v2\/types\/page"}],"author":[{"embeddable":true,"href":"https:\/\/galant-obuwie.pl\/ro\/wp-json\/wp\/v2\/users\/7"}],"replies":[{"embeddable":true,"href":"https:\/\/galant-obuwie.pl\/ro\/wp-json\/wp\/v2\/comments?post=2785"}],"version-history":[{"count":2,"href":"https:\/\/galant-obuwie.pl\/ro\/wp-json\/wp\/v2\/pages\/2785\/revisions"}],"predecessor-version":[{"id":2788,"href":"https:\/\/galant-obuwie.pl\/ro\/wp-json\/wp\/v2\/pages\/2785\/revisions\/2788"}],"wp:attachment":[{"href":"https:\/\/galant-obuwie.pl\/ro\/wp-json\/wp\/v2\/media?parent=2785"}],"curies":[{"name":"wp","href":"https:\/\/api.w.org\/{rel}","templated":true}]}}