{"id":2793,"date":"2025-07-30T09:18:24","date_gmt":"2025-07-30T07:18:24","guid":{"rendered":"https:\/\/galant-obuwie.pl\/?page_id=2793"},"modified":"2025-07-30T09:18:24","modified_gmt":"2025-07-30T07:18:24","slug":"tabel-de-marimi","status":"publish","type":"page","link":"https:\/\/galant-obuwie.pl\/ro\/tabel-de-marimi\/","title":{"rendered":"Tabel de m\u0103rimi"},"content":{"rendered":"[vc_row el_id=&#8221;rozmiary&#8221;][vc_column][vc_column_text]<span style=\"font-weight: 400;\">Alegerea corect\u0103 a m\u0103rimii \u00eenc\u0103l\u021b\u0103mintei este extrem de important\u0103, deoarece pantofii nepotrivi\u021bi pot avea consecin\u021be serioase asupra s\u0103n\u0103t\u0103\u021bii noastre. Av\u00e2nd \u00een vedere c\u0103 lungimea bran\u021burilor difer\u0103 semnificativ \u00eentre produc\u0103tori, chiar \u0219i pentru aceea\u0219i numerota\u021bie, am preg\u0103tit un tabel de m\u0103rimi specific \u00eenc\u0103l\u021b\u0103mintei marca noastr\u0103.<\/span><\/p>\n<p><span style=\"font-weight: 400;\">\u00cenainte de a identifica m\u0103rimea potrivit\u0103 \u00een tabelul nostru, verific\u0103 modul corect de a-\u021bi m\u0103sura piciorul. Po\u021bi folosi una dintre cele trei metode de mai jos.<\/span>[\/vc_column_text][vc_text_separator title=&#8221;CUM S\u0102 M\u0102SORI LUNGIMEA PICIORULUI?&#8221;][vc_row_inner][vc_column_inner width=&#8221;1\/3&#8243;][vc_column_text]\n<p style=\"text-align: justify;\"><b>Prima metod\u0103:<\/b><span style=\"font-weight: 400;\"> Preg\u0103te\u0219te o coal\u0103 de h\u00e2rtie pe care s\u0103 conturezi forma piciorului. M\u0103soar\u0103 distan\u021ba de la degetul mare p\u00e2n\u0103 la c\u0103lc\u00e2i. La lungimea ob\u021binut\u0103 adaug\u0103 0,5 \u2013 1 cm, apoi caut\u0103 rezultatul \u00een tabelul nostru.<\/span><\/p>\n[\/vc_column_text][\/vc_column_inner][vc_column_inner width=&#8221;1\/3&#8243;][vc_column_text]<b>A doua metod\u0103:<\/b><span style=\"font-weight: 400;\"> G\u0103se\u0219te o pereche de \u00eenc\u0103l\u021b\u0103minte cu un model similar cu cel pe care dore\u0219ti s\u0103-l achizi\u021bionezi. M\u0103soar\u0103 lungimea bran\u021bului din acea pereche \u0219i caut\u0103 rezultatul \u00een tabel.<\/span>[\/vc_column_text][\/vc_column_inner][vc_column_inner width=&#8221;1\/3&#8243;][vc_column_text]<b>A treia metod\u0103:<\/b><span style=\"font-weight: 400;\"> Folosind o rigl\u0103, m\u0103soar\u0103 lungimea piciorului de la c\u0103lc\u00e2i p\u00e2n\u0103 la degetul mare. \u021aine cont c\u0103 bran\u021bul ar trebui s\u0103 fie cu aproximativ 0,5 \u2013 1 cm mai lung dec\u00e2t piciorul. Verific\u0103 rezultatul \u00een tabel.<\/span>[\/vc_column_text][\/vc_column_inner][\/vc_row_inner][vc_column_text]\n<table border=\"1\" width=\"\">\n<tbody>\n<tr>\n<th scope=\"col\"><b>M\u0102RIME<\/b><\/th>\n<th scope=\"col\">35<\/th>\n<th scope=\"col\">36<\/th>\n<th scope=\"col\">37<\/th>\n<th scope=\"col\">38<\/th>\n<th scope=\"col\">39<\/th>\n<th scope=\"col\">40<\/th>\n<th scope=\"col\">41<\/th>\n<\/tr>\n<tr>\n<th style=\"text-align: center;\" scope=\"row\"><strong>Lungimea bran\u021bului \u00een interiorul pantofului (cm)<\/strong><\/th>\n<td>23<\/td>\n<td>23,5<\/td>\n<td>24<\/td>\n<td>24,5<\/td>\n<td>25<\/td>\n<td>25,5<\/td>\n<td>26<\/td>\n<\/tr>\n<tr>\n<th scope=\"row\"><strong>Lungimea maxim\u0103 a piciorului cump\u0103r\u0103torului (cm)<\/strong><\/th>\n<td>22,5<\/td>\n<td>23<\/td>\n<td>23,5<\/td>\n<td>24<\/td>\n<td>24,5<\/td>\n<td>25<\/td>\n<td>25,5<\/td>\n<\/tr>\n<\/tbody>\n<\/table>\n[\/vc_column_text][vc_column_text]\n<p style=\"text-align: justify;\"><b>Ce este important s\u0103 re\u021bii atunci c\u00e2nd alegi \u00eenc\u0103l\u021b\u0103mintea?<\/b><\/p>\n<p><span style=\"font-weight: 400;\">C\u00e2nd pl\u0103nuie\u0219ti s\u0103 achizi\u021bionezi \u00eenc\u0103l\u021b\u0103minte, nu uita s\u0103-\u021bi m\u0103sori lungimea piciorului pentru a alege m\u0103rimea potrivit\u0103. \u021aine cont c\u0103 \u00eenc\u0103l\u021b\u0103mintea trebuie s\u0103 fie cu c\u00e2\u021biva centimetri mai lung\u0103 dec\u00e2t piciorul t\u0103u. Conform regulilor, aceast\u0103 diferen\u021b\u0103 este de aproximativ 5% din lungime. Totu\u0219i, re\u021bine c\u0103 lungimea piciorului se poate modifica \u00een timp \u0219i \u00een func\u021bie de oboseal\u0103. De aceea, recomand\u0103m s\u0103-\u021bi m\u0103sori piciorul atunci c\u00e2nd e\u0219ti \u00eentr-o stare de oboseal\u0103 medie. M\u0103rimea \u00eenc\u0103l\u021b\u0103mintei sport difer\u0103 de cea a pantofilor elegan\u021bi. De obicei, \u00eenc\u0103l\u021b\u0103mintea sport va fi cu un num\u0103r mai mare dec\u00e2t cea elegant\u0103. Prin urmare, c\u00e2nd m\u0103sori bran\u021bul unei categorii de pantofi pentru a cump\u0103ra din alt\u0103 categorie, ia \u00een considerare aceast\u0103 diferen\u021b\u0103.<\/span>[\/vc_column_text][\/vc_column][\/vc_row][vc_row][vc_column][vc_empty_space height=&#8221;150px&#8221;][\/vc_column][\/vc_row]\n","protected":false},"excerpt":{"rendered":"<p>[vc_row el_id=&#8221;rozmiary&#8221;][vc_column][vc_column_text]Alegerea corect\u0103 a m\u0103rimii \u00eenc\u0103l\u021b\u0103mintei este extrem de important\u0103, deoarece pantofii nepotrivi\u021bi pot avea consecin\u021be serioase asupra s\u0103n\u0103t\u0103\u021bii noastre. Av\u00e2nd \u00een vedere c\u0103 lungimea bran\u021burilor difer\u0103 semnificativ \u00eentre produc\u0103tori, chiar \u0219i pentru aceea\u0219i numerota\u021bie, am preg\u0103tit un tabel de m\u0103rimi specific \u00eenc\u0103l\u021b\u0103mintei marca noastr\u0103. \u00cenainte de a identifica m\u0103rimea potrivit\u0103 \u00een tabelul nostru, verific\u0103 [&hellip;]<\/p>\n","protected":false},"author":7,"featured_media":0,"parent":0,"menu_order":0,"comment_status":"closed","ping_status":"closed","template":"","meta":[],"yoast_head":"<!-- This site is optimized with the Yoast SEO plugin v15.7 - https:\/\/yoast.com\/wordpress\/plugins\/seo\/ -->\n<title>Tabel de m\u0103rimi - Galant polski producent obuwia<\/title>\n<meta name=\"robots\" content=\"index, follow, max-snippet:-1, max-image-preview:large, max-video-preview:-1\" \/>\n<link rel=\"canonical\" href=\"https:\/\/galant-obuwie.pl\/ro\/tabel-de-marimi\/\" \/>\n<meta property=\"og:locale\" content=\"ro_RO\" \/>\n<meta property=\"og:type\" content=\"article\" \/>\n<meta property=\"og:title\" content=\"Tabel de m\u0103rimi - Galant polski producent obuwia\" \/>\n<meta property=\"og:description\" content=\"[vc_row el_id=&#8221;rozmiary&#8221;][vc_column][vc_column_text]Alegerea corect\u0103 a m\u0103rimii \u00eenc\u0103l\u021b\u0103mintei este extrem de important\u0103, deoarece pantofii nepotrivi\u021bi pot avea consecin\u021be serioase asupra s\u0103n\u0103t\u0103\u021bii noastre. Av\u00e2nd \u00een vedere c\u0103 lungimea bran\u021burilor difer\u0103 semnificativ \u00eentre produc\u0103tori, chiar \u0219i pentru aceea\u0219i numerota\u021bie, am preg\u0103tit un tabel de m\u0103rimi specific \u00eenc\u0103l\u021b\u0103mintei marca noastr\u0103. \u00cenainte de a identifica m\u0103rimea potrivit\u0103 \u00een tabelul nostru, verific\u0103 [&hellip;]\" \/>\n<meta property=\"og:url\" content=\"https:\/\/galant-obuwie.pl\/ro\/tabel-de-marimi\/\" \/>\n<meta property=\"og:site_name\" content=\"Galant polski producent obuwia\" \/>\n<meta name=\"twitter:card\" content=\"summary_large_image\" \/>\n<meta name=\"twitter:label1\" content=\"Timp estimat pentru citire\">\n\t<meta name=\"twitter:data1\" content=\"2 minute\">\n<script type=\"application\/ld+json\" class=\"yoast-schema-graph\">{\"@context\":\"https:\/\/schema.org\",\"@graph\":[{\"@type\":\"WebSite\",\"@id\":\"https:\/\/galant-obuwie.pl\/#website\",\"url\":\"https:\/\/galant-obuwie.pl\/\",\"name\":\"Galant polski producent obuwia\",\"description\":\"\",\"potentialAction\":[{\"@type\":\"SearchAction\",\"target\":\"https:\/\/galant-obuwie.pl\/?s={search_term_string}\",\"query-input\":\"required name=search_term_string\"}],\"inLanguage\":\"ro-RO\"},{\"@type\":\"WebPage\",\"@id\":\"https:\/\/galant-obuwie.pl\/ro\/tabel-de-marimi\/#webpage\",\"url\":\"https:\/\/galant-obuwie.pl\/ro\/tabel-de-marimi\/\",\"name\":\"Tabel de m\\u0103rimi - Galant polski producent obuwia\",\"isPartOf\":{\"@id\":\"https:\/\/galant-obuwie.pl\/#website\"},\"datePublished\":\"2025-07-30T07:18:24+00:00\",\"dateModified\":\"2025-07-30T07:18:24+00:00\",\"inLanguage\":\"ro-RO\",\"potentialAction\":[{\"@type\":\"ReadAction\",\"target\":[\"https:\/\/galant-obuwie.pl\/ro\/tabel-de-marimi\/\"]}]}]}<\/script>\n<!-- \/ Yoast SEO plugin. -->","_links":{"self":[{"href":"https:\/\/galant-obuwie.pl\/ro\/wp-json\/wp\/v2\/pages\/2793"}],"collection":[{"href":"https:\/\/galant-obuwie.pl\/ro\/wp-json\/wp\/v2\/pages"}],"about":[{"href":"https:\/\/galant-obuwie.pl\/ro\/wp-json\/wp\/v2\/types\/page"}],"author":[{"embeddable":true,"href":"https:\/\/galant-obuwie.pl\/ro\/wp-json\/wp\/v2\/users\/7"}],"replies":[{"embeddable":true,"href":"https:\/\/galant-obuwie.pl\/ro\/wp-json\/wp\/v2\/comments?post=2793"}],"version-history":[{"count":2,"href":"https:\/\/galant-obuwie.pl\/ro\/wp-json\/wp\/v2\/pages\/2793\/revisions"}],"predecessor-version":[{"id":2796,"href":"https:\/\/galant-obuwie.pl\/ro\/wp-json\/wp\/v2\/pages\/2793\/revisions\/2796"}],"wp:attachment":[{"href":"https:\/\/galant-obuwie.pl\/ro\/wp-json\/wp\/v2\/media?parent=2793"}],"curies":[{"name":"wp","href":"https:\/\/api.w.org\/{rel}","templated":true}]}}