{"id":2801,"date":"2025-07-30T09:36:30","date_gmt":"2025-07-30T07:36:30","guid":{"rendered":"https:\/\/galant-obuwie.pl\/?page_id=2801"},"modified":"2025-07-30T09:36:30","modified_gmt":"2025-07-30T07:36:30","slug":"contact","status":"publish","type":"page","link":"https:\/\/galant-obuwie.pl\/ro\/contact\/","title":{"rendered":"CONTACT"},"content":{"rendered":"[vc_row wrap_container=&#8221;true&#8221;][vc_column][vc_column_text css_animation=&#8221;fadeInUp&#8221; css=&#8221;.vc_custom_1753860834615{margin-top: 70px !important;margin-bottom: 60px !important;}&#8221;]\n<p style=\"text-align: center; font-size: 40px; color: #222; font-weight: 600;\"><span style=\"font-weight: 400;\">S\u0103 r\u0103m\u00e2nem \u00een contact!<\/span><\/p>\n<p style=\"text-align: center; font-size: 14px; color: #777;\">Dac\u0103 ave\u021bi \u00eentreb\u0103ri pentru compania GALANT, v\u0103 rug\u0103m s\u0103 ne contacta\u021bi \u00een orice mod v\u0103 este convenabil.<\/p>\n[\/vc_column_text][\/vc_column][\/vc_row][vc_row][vc_column width=&#8221;1\/4&#8243; offset=&#8221;vc_col-lg-3 vc_col-md-6 vc_col-xs-12&#8243;][vc_column_text css_animation=&#8221;fadeInUp&#8221; css=&#8221;.vc_custom_1753860880479{margin-bottom: 48px !important;}&#8221;]\n<h4 style=\"font-weight: 600; font-size: 20px; color: #222;\">Produc\u021bie \u00eenc\u0103l\u021b\u0103minte, comer\u021b, export-import<\/h4>\n<div class=\"contact-info\" style=\"font-weight: 300; font-size: 14px; color: #777;\">\n<p><strong style=\"font-weight: 500; color: #222;\">Adres\u0103:<\/strong> 34-130 Kalwaria Zebrzydowska, Zebrzydowice 455 A, Polonia<\/p>\n<p><strong style=\"font-weight: 500; color: #222;\">NIP:\u00a0<\/strong>551-105-68-20<\/p>\n<h3><span style=\"color: #000000;\">Robert Korzeniowski<\/span><\/h3>\n<p><strong style=\"font-weight: 500; color: #222;\">Telefon:<\/strong> +48 667-902-702<\/p>\n<\/div>\n[\/vc_column_text][\/vc_column][vc_column width=&#8221;1\/4&#8243; offset=&#8221;vc_col-lg-3 vc_col-md-6 vc_col-xs-12&#8243;][vc_column_text css_animation=&#8221;fadeInUp&#8221; css=&#8221;.vc_custom_1753860921087{margin-bottom: 48px !important;}&#8221;]\n<h4 style=\"font-weight: 600; font-size: 20px; color: #222;\">Sediul companiei<\/h4>\n<div class=\"contact-info\" style=\"font-weight: 300; font-size: 14px; color: #777;\">\n<p><strong style=\"font-weight: 500; color: #222;\">Adres\u0103:<\/strong> 34-130 Kalwaria Zebrzydowska<\/p>\n<p>Zebrzydowice 455 A<\/p>\n<h3><\/h3>\n<p><span style=\"color: #000000;\"><strong>Telefon:<\/strong><\/span> <a href=\"tel:+48338767062\">+48 33 876-70-62<\/a><\/p>\n<p><span style=\"color: #000000;\"><strong>E-mail: <a href=\"mailto:info@galant-obuwie.pl\">info@galant-obuwie.pl<\/a><\/strong><\/span><\/p>\n<\/div>\n[\/vc_column_text][\/vc_column][vc_column width=&#8221;1\/4&#8243; offset=&#8221;vc_col-lg-3 vc_col-md-6 vc_col-xs-12&#8243;][vc_column_text css_animation=&#8221;fadeInUp&#8221; css=&#8221;.vc_custom_1753860944943{margin-bottom: 48px !important;}&#8221;]\n<h4 style=\"font-weight: 600; font-size: 20px; color: #222;\">Departamentul comercial<\/h4>\n<h3>Artur Zadora<\/h3>\n<div class=\"contact-info\" style=\"font-weight: 300; font-size: 14px; color: #777;\">\n<p><span style=\"color: #000000;\"><strong>Telefon:<\/strong><\/span> <a href=\"tel:+48607727327\">+48 607727327<\/a><\/p>\n<p><span style=\"color: #000000;\"><strong>E-mail: <a href=\"mailto:artur@galant-obuwie.pl\">artur@galant-obuwie.pl<\/a><\/strong><\/span><\/p>\n<\/div>\n[\/vc_column_text][\/vc_column][vc_column width=&#8221;1\/4&#8243; offset=&#8221;vc_col-lg-3 vc_col-md-6 vc_col-xs-12&#8243;][vc_column_text css_animation=&#8221;fadeInUp&#8221; css=&#8221;.vc_custom_1753860978813{margin-bottom: 48px !important;}&#8221;]\n<h4 style=\"font-weight: 600; font-size: 20px; color: #222;\">Departamentul reclama\u021bii<\/h4>\n<h3>Ma\u0142gorzata Korzeniowska<\/h3>\n<div class=\"contact-info\" style=\"font-weight: 300; font-size: 14px; color: #777;\">\n<p><span style=\"color: #000000;\"><strong>Telefon:<\/strong><\/span> <a href=\"tel:+48603642449\">+48 603642449<\/a><\/p>\n<p><span style=\"color: #000000;\"><strong>E-mail: <a href=\"mailto:reklamacje@galant-obuwie.pl\">reklamacje@galant-obuwie.pl<\/a><\/strong><\/span><\/p>\n<\/div>\n[\/vc_column_text][\/vc_column][\/vc_row][vc_row wrap_container=&#8221;true&#8221; css=&#8221;.vc_custom_1508966644154{margin-top: 0px !important;}&#8221;][vc_column width=&#8221;1\/2&#8243; css=&#8221;.vc_custom_1497649383161{margin-bottom: 70px !important;}&#8221;][vc_column_text]\r\n            \r\n            \r\n            \r\n            <a name='map2'><\/a>\r\n            \r\n            \r\n            \r\n            \r\n\r\n            <div class=\"wpgmza_map\" id=\"wpgmza_map_2\" style=\"display:block; overflow:auto; width:100%; height:400px; float:left;\"> <\/div>\r\n            \r\n            \r\n            \r\n\r\n<div style=\"display:block; width:100%;\">\r\n\t\r\n\t\r\n\t\t\t<div id=\"wpgmaps_directions_edit_2\" style=\"display:none; width:100%; clear:both;\" class=\"wpgmaps_directions_outer_div\">\r\n\t\t\t\t<h2>Ob\u021bine indica\u021bii de orientare<\/h2>\r\n\t\t\t\t<div id=\"wpgmaps_directions_editbox_2\">\r\n\t\t\t\t\t<table>\r\n\t\t\t\t\t\t<tr>\r\n\t\t\t\t\t\t\t<td>\r\n\t\t\t\t\t\t\t\t<label for=\"wpgmza_dir_type_2\">Pentru<\/label>\r\n\t\t\t\t\t\t\t<\/td>\r\n\t\t\t\t\t\t\t<td>\r\n\t\t\t\t\t\t\t\t<select id=\"wpgmza_dir_type_2\" name=\"wpgmza_dir_type_2\">\r\n\t\t\t\t\t\t\t\t\t<option value=\"DRIVING\" selected=\"selected\">Condus auto<\/option>\r\n\t\t\t\t\t\t\t\t\t<option value=\"WALKING\">Mers<\/option>\r\n\t\t\t\t\t\t\t\t\t<option value=\"TRANSIT\">Transit<\/option>\r\n\t\t\t\t\t\t\t\t\t<option value=\"BICYCLING\">Biciclet\u0103<\/option>\r\n\t\t\t\t\t\t\t\t<\/select>\r\n\t\t\t\t\t\t\t\t&nbsp;\r\n\t\t\t\t\t\t\t\t<a href=\"javascript:void(0);\" mapid=\"2\" id=\"wpgmza_show_options_2\" onclick=\"wpgmza_show_options(2);\" style=\"font-size:10px;\">arat\u0103 op\u021biuni<\/a>\r\n\t\t\t\t\t\t\t\t<a href=\"javascript:void(0);\" mapid=\"2\" id=\"wpgmza_hide_options_2\" onclick=\"wpgmza_hide_options(2);\" style=\"font-size:10px; display:none;\">ascunde op\u021biuni<\/a>\r\n\t\t\t\t\t\t\t\t<div style=\"display:none\" id=\"wpgmza_options_box_2\">\r\n\t\t\t\t\t\t\t\t\t<input type=\"checkbox\" id=\"wpgmza_tolls_2\" name=\"wpgmza_tolls_2\" value=\"tolls\" \/> <label for=\"wpgmza_tolls_2\">Evit\u0103 drumurile cu tax\u0103<\/label><br \/>\r\n\t\t\t\t\t\t\t\t\t<input type=\"checkbox\" id=\"wpgmza_highways_2\" name=\"wpgmza_highways_2\" value=\"highways\" \/> <label for=\"wpgmza_highways_2\">Evit\u0103 autostr\u0103zi<\/label><br \/>\r\n\t\t\t\t\t\t\t\t\t<input type=\"checkbox\" id=\"wpgmza_ferries_2\" name=\"wpgmza_ferries_2\" value=\"ferries\" \/> <label for=\"wpgmza_ferries_2\">Avoid Ferries<\/label>\r\n\t\t\t\t\t\t\t\t<\/div>\r\n\t\t\t\t\t\t\t<\/td>\r\n\t\t\t\t\t\t<\/tr>\r\n\t\t\t\t\t\t<tr class='wpgmaps_from_row'>\r\n\t\t\t\t\t\t\t<td class='wpgmaps_from_td1'>\r\n\t\t\t\t\t\t\t\t<label for=\"wpgmza_input_from_2\">De la<\/label>\r\n\t\t\t\t\t\t\t<\/td>\r\n\t\t\t\t\t\t\t<td width='90%' class='wpgmaps_from_td2'>\r\n\t\t\t\t\t\t\t\t<input type=\"text\" value=\"\" id=\"wpgmza_input_from_2\" style='width:80%' \/> \r\n\t\t\t\t\t\t\t<\/td>\r\n\t\t\t\t\t\t<\/tr>\r\n\t\t\t\t\t\t<tr class='wpgmaps_to_row'>\r\n\t\t\t\t\t\t\t<td class='wpgmaps_to_td1'>\r\n\t\t\t\t\t\t\t\t<label for=\"wpgmza_input_to_2\">P\u00e2n\u0103 la<\/label>\r\n\t\t\t\t\t\t\t<\/td>\r\n\t\t\t\t\t\t\t<td width='90%' class='wpgmaps_to_td2'>\r\n\t\t\t\t\t\t\t\t<input type=\"text\" value=\"\" id=\"wpgmza_input_to_2\" style='width:80%' \/> \r\n\t\t\t\t\t\t\t<\/td>\r\n\t\t\t\t\t\t<\/tr>\r\n\t\t\t\t\t\t\r\n\t\t\t\t\t\t<tr>\r\n\t\t\t\t\t\t\t<td>\r\n\t\t\t\t\t\t\t<\/td>\r\n\t\t\t\t\t\t\t<td>\r\n\t\t\t\t\t\t\t\t<input onclick=\"javascript:void(0);\" class=\"wpgmaps_get_directions \" id=\"2\" type=\"button\" value=\"Porne\u0219te\"\/>\r\n\t\t\t\t\t\t\t<\/td>\r\n\t\t\t\t\t\t<\/tr>\r\n\t\t\t\t\t<\/table>\r\n\t\t\t\t<\/div>\r\n\t\t\t<\/div>\r\n\r\n\t    \r\n\t\r\n\t<div id=\"wpgmaps_directions_notification_2\" style=\"display:none;\">Se \u00eencarc\u0103 indica\u021biile...<\/div>\r\n\t\r\n\t<div id=\"wpgmaps_directions_reset_2\" style=\"display:none;\">\r\n\t\t<a href='javascript:void(0)' onclick='wpgmza_reset_directions(2);' id='wpgmaps_reset_directions' title='Reseteaz\u0103 indica\u021biile'>Reseteaz\u0103 indica\u021biile<\/a>\r\n\t\t<br \/>\r\n\t\t<a href='' id='wpgmaps_print_directions_2' title='Printeaz\u0103 indica\u021biilr'>Printeaz\u0103 indica\u021biilr<\/a>\r\n\t<\/div>\r\n\t\r\n\t<div id=\"directions_panel_2\"><\/div>\r\n\r\n<\/div>\r\n\r\n        [\/vc_column_text][\/vc_column][vc_column width=&#8221;1\/2&#8243;][vc_column_text css_animation=&#8221;fadeInUp&#8221; css=&#8221;.vc_custom_1753860988218{margin-bottom: 25px !important;}&#8221;]\n<h4 style=\"font-weight: 600; font-size: 20px; color: #222;\">SCRIE-NE<\/h4>\n[\/vc_column_text]<div role=\"form\" class=\"wpcf7\" id=\"wpcf7-f820-o1\" lang=\"en-US\" dir=\"ltr\">\n<div class=\"screen-reader-response\"><p role=\"status\" aria-live=\"polite\" aria-atomic=\"true\"><\/p> <ul><\/ul><\/div>\n<form action=\"\/ro\/wp-json\/wp\/v2\/pages\/2801#wpcf7-f820-o1\" method=\"post\" class=\"wpcf7-form init\" novalidate=\"novalidate\" data-status=\"init\">\n<div style=\"display: none;\">\n<input type=\"hidden\" name=\"_wpcf7\" value=\"820\" \/>\n<input type=\"hidden\" name=\"_wpcf7_version\" value=\"5.3.2\" \/>\n<input type=\"hidden\" name=\"_wpcf7_locale\" value=\"en_US\" \/>\n<input type=\"hidden\" name=\"_wpcf7_unit_tag\" value=\"wpcf7-f820-o1\" \/>\n<input type=\"hidden\" name=\"_wpcf7_container_post\" value=\"0\" \/>\n<input type=\"hidden\" name=\"_wpcf7_posted_data_hash\" value=\"\" \/>\n<\/div>\n<p><label class=\"contact-form-control-label\">Nome <span>(obbligatorio)<\/span><br \/>\n    <span class=\"wpcf7-form-control-wrap your-name\"><input type=\"text\" name=\"your-name\" value=\"\" size=\"40\" class=\"wpcf7-form-control wpcf7-text wpcf7-validates-as-required contact-form-control\" aria-required=\"true\" aria-invalid=\"false\" \/><\/span> <\/label><\/p>\n<p><label class=\"contact-form-control-label\">Email <span>(obbligatorio)<\/span><br \/>\n    <span class=\"wpcf7-form-control-wrap your-email\"><input type=\"email\" name=\"your-email\" value=\"\" size=\"40\" class=\"wpcf7-form-control wpcf7-text wpcf7-email wpcf7-validates-as-required wpcf7-validates-as-email contact-form-control\" aria-required=\"true\" aria-invalid=\"false\" \/><\/span> <\/label><\/p>\n<p><label class=\"contact-form-control-label\">Argomento<br \/>\n    <span class=\"wpcf7-form-control-wrap your-subject\"><input type=\"text\" name=\"your-subject\" value=\"\" size=\"40\" class=\"wpcf7-form-control wpcf7-text contact-form-control\" aria-invalid=\"false\" \/><\/span> <\/label><\/p>\n<p><label class=\"contact-form-control-label\">Messaggio<br \/>\n    <span class=\"wpcf7-form-control-wrap your-message\"><textarea name=\"your-message\" cols=\"40\" rows=\"7\" class=\"wpcf7-form-control wpcf7-textarea contact-form-control\" aria-invalid=\"false\"><\/textarea><\/span> <\/label><\/p>\n<p><input type=\"submit\" value=\"INVIA UN MESSAGGIO\" class=\"wpcf7-form-control wpcf7-submit bigcart-bob contact-form-control-submit\" \/><\/p>\n<div class=\"wpcf7-response-output\" aria-hidden=\"true\"><\/div><\/form><\/div>[\/vc_column][\/vc_row]\n","protected":false},"excerpt":{"rendered":"<p>[vc_row wrap_container=&#8221;true&#8221;][vc_column][vc_column_text css_animation=&#8221;fadeInUp&#8221; css=&#8221;.vc_custom_1753860834615{margin-top: 70px !important;margin-bottom: 60px !important;}&#8221;] S\u0103 r\u0103m\u00e2nem \u00een contact! Dac\u0103 ave\u021bi \u00eentreb\u0103ri pentru compania GALANT, v\u0103 rug\u0103m s\u0103 ne contacta\u021bi \u00een orice mod v\u0103 este convenabil. [\/vc_column_text][\/vc_column][\/vc_row][vc_row][vc_column width=&#8221;1\/4&#8243; offset=&#8221;vc_col-lg-3 vc_col-md-6 vc_col-xs-12&#8243;][vc_column_text css_animation=&#8221;fadeInUp&#8221; css=&#8221;.vc_custom_1753860880479{margin-bottom: 48px !important;}&#8221;] Produc\u021bie \u00eenc\u0103l\u021b\u0103minte, comer\u021b, export-import Adres\u0103: 34-130 Kalwaria Zebrzydowska, Zebrzydowice 455 A, Polonia NIP:\u00a0551-105-68-20 Robert Korzeniowski Telefon: +48 [&hellip;]<\/p>\n","protected":false},"author":7,"featured_media":0,"parent":0,"menu_order":0,"comment_status":"closed","ping_status":"closed","template":"","meta":[],"yoast_head":"<!-- This site is optimized with the Yoast SEO plugin v15.7 - https:\/\/yoast.com\/wordpress\/plugins\/seo\/ -->\n<title>CONTACT - Galant polski producent obuwia<\/title>\n<meta name=\"robots\" content=\"index, follow, max-snippet:-1, max-image-preview:large, max-video-preview:-1\" \/>\n<link rel=\"canonical\" href=\"https:\/\/galant-obuwie.pl\/ro\/contact\/\" \/>\n<meta property=\"og:locale\" content=\"ro_RO\" \/>\n<meta property=\"og:type\" content=\"article\" \/>\n<meta property=\"og:title\" content=\"CONTACT - Galant polski producent obuwia\" \/>\n<meta property=\"og:description\" content=\"[vc_row wrap_container=&#8221;true&#8221;][vc_column][vc_column_text css_animation=&#8221;fadeInUp&#8221; css=&#8221;.vc_custom_1753860834615{margin-top: 70px !important;margin-bottom: 60px !important;}&#8221;] S\u0103 r\u0103m\u00e2nem \u00een contact! Dac\u0103 ave\u021bi \u00eentreb\u0103ri pentru compania GALANT, v\u0103 rug\u0103m s\u0103 ne contacta\u021bi \u00een orice mod v\u0103 este convenabil. [\/vc_column_text][\/vc_column][\/vc_row][vc_row][vc_column width=&#8221;1\/4&#8243; offset=&#8221;vc_col-lg-3 vc_col-md-6 vc_col-xs-12&#8243;][vc_column_text css_animation=&#8221;fadeInUp&#8221; css=&#8221;.vc_custom_1753860880479{margin-bottom: 48px !important;}&#8221;] Produc\u021bie \u00eenc\u0103l\u021b\u0103minte, comer\u021b, export-import Adres\u0103: 34-130 Kalwaria Zebrzydowska, Zebrzydowice 455 A, Polonia NIP:\u00a0551-105-68-20 Robert Korzeniowski Telefon: +48 [&hellip;]\" \/>\n<meta property=\"og:url\" content=\"https:\/\/galant-obuwie.pl\/ro\/contact\/\" \/>\n<meta property=\"og:site_name\" content=\"Galant polski producent obuwia\" \/>\n<meta name=\"twitter:card\" content=\"summary_large_image\" \/>\n<meta name=\"twitter:label1\" content=\"Timp estimat pentru citire\">\n\t<meta name=\"twitter:data1\" content=\"1 minut\">\n<script type=\"application\/ld+json\" class=\"yoast-schema-graph\">{\"@context\":\"https:\/\/schema.org\",\"@graph\":[{\"@type\":\"WebSite\",\"@id\":\"https:\/\/galant-obuwie.pl\/#website\",\"url\":\"https:\/\/galant-obuwie.pl\/\",\"name\":\"Galant polski producent obuwia\",\"description\":\"\",\"potentialAction\":[{\"@type\":\"SearchAction\",\"target\":\"https:\/\/galant-obuwie.pl\/?s={search_term_string}\",\"query-input\":\"required name=search_term_string\"}],\"inLanguage\":\"ro-RO\"},{\"@type\":\"WebPage\",\"@id\":\"https:\/\/galant-obuwie.pl\/ro\/contact\/#webpage\",\"url\":\"https:\/\/galant-obuwie.pl\/ro\/contact\/\",\"name\":\"CONTACT - Galant polski producent obuwia\",\"isPartOf\":{\"@id\":\"https:\/\/galant-obuwie.pl\/#website\"},\"datePublished\":\"2025-07-30T07:36:30+00:00\",\"dateModified\":\"2025-07-30T07:36:30+00:00\",\"inLanguage\":\"ro-RO\",\"potentialAction\":[{\"@type\":\"ReadAction\",\"target\":[\"https:\/\/galant-obuwie.pl\/ro\/contact\/\"]}]}]}<\/script>\n<!-- \/ Yoast SEO plugin. -->","_links":{"self":[{"href":"https:\/\/galant-obuwie.pl\/ro\/wp-json\/wp\/v2\/pages\/2801"}],"collection":[{"href":"https:\/\/galant-obuwie.pl\/ro\/wp-json\/wp\/v2\/pages"}],"about":[{"href":"https:\/\/galant-obuwie.pl\/ro\/wp-json\/wp\/v2\/types\/page"}],"author":[{"embeddable":true,"href":"https:\/\/galant-obuwie.pl\/ro\/wp-json\/wp\/v2\/users\/7"}],"replies":[{"embeddable":true,"href":"https:\/\/galant-obuwie.pl\/ro\/wp-json\/wp\/v2\/comments?post=2801"}],"version-history":[{"count":2,"href":"https:\/\/galant-obuwie.pl\/ro\/wp-json\/wp\/v2\/pages\/2801\/revisions"}],"predecessor-version":[{"id":2804,"href":"https:\/\/galant-obuwie.pl\/ro\/wp-json\/wp\/v2\/pages\/2801\/revisions\/2804"}],"wp:attachment":[{"href":"https:\/\/galant-obuwie.pl\/ro\/wp-json\/wp\/v2\/media?parent=2801"}],"curies":[{"name":"wp","href":"https:\/\/api.w.org\/{rel}","templated":true}]}}